{"id":1458,"date":"2024-08-20T14:15:27","date_gmt":"2024-08-20T14:15:27","guid":{"rendered":"https:\/\/estilodevida.cloudnine.com.do\/tienda\/"},"modified":"2024-11-25T21:50:38","modified_gmt":"2024-11-25T21:50:38","slug":"tienda","status":"publish","type":"page","link":"https:\/\/www.estilodevida.com.do\/es\/tienda\/","title":{"rendered":"Tienda"},"content":{"rendered":"<p>[et_pb_section fb_built=\u00bb1&#8243; admin_label=\u00bbHeader\u00bb _builder_version=\u00bb4.27.0&#8243; _module_preset=\u00bbdefault\u00bb background_color=\u00bb#0a0a0a\u00bb custom_padding=\u00bb||0px||false|false\u00bb collapsed=\u00bbon\u00bb global_colors_info=\u00bb{%22gcid-28366106-ecf8-496b-97f0-6a9be6882356%22:%91%22background_color%22%93}\u00bb][et_pb_row _builder_version=\u00bb4.22.0&#8243; _module_preset=\u00bbdefault\u00bb global_colors_info=\u00bb{}\u00bb][et_pb_column type=\u00bb4_4&#8243; _builder_version=\u00bb4.22.0&#8243; _module_preset=\u00bbdefault\u00bb global_colors_info=\u00bb{}\u00bb][et_pb_text _builder_version=\u00bb4.27.0&#8243; _module_preset=\u00bb6b413d94-f3fd-437a-8c00-50e6a9e36674&#8243; header_font=\u00bbPoppins|700||on|||||\u00bb header_text_color=\u00bbgcid-bfa7fe62-254b-41c2-9e7c-1655cf29ea48&#8243; global_colors_info=\u00bb{%22gcid-bfa7fe62-254b-41c2-9e7c-1655cf29ea48%22:%91%22header_text_color%22%93}\u00bb]<\/p>\n<h1><span style=\"color: #ffffff;\">ShoP<\/span><\/h1>\n<p>[\/et_pb_text][\/et_pb_column][\/et_pb_row][\/et_pb_section][et_pb_section fb_built=\u00bb1&#8243; admin_label=\u00bbProducts\u00bb _builder_version=\u00bb4.27.0&#8243; _module_preset=\u00bbdefault\u00bb background_color=\u00bb#0a0a0a\u00bb collapsed=\u00bbon\u00bb global_colors_info=\u00bb{%22gcid-28366106-ecf8-496b-97f0-6a9be6882356%22:%91%22background_color%22%93}\u00bb][et_pb_row _builder_version=\u00bb4.27.3&#8243; _module_preset=\u00bbdefault\u00bb global_colors_info=\u00bb{}\u00bb][et_pb_column type=\u00bb4_4&#8243; _builder_version=\u00bb4.27.2&#8243; _module_preset=\u00bbdefault\u00bb global_colors_info=\u00bb{}\u00bb][et_pb_shop posts_number=\u00bb6&#8243; columns_number=\u00bb3&#8243; _builder_version=\u00bb4.27.3&#8243; _module_preset=\u00bbdefault\u00bb title_text_color=\u00bb#FFFFFF\u00bb price_text_color=\u00bb#FFFFFF\u00bb global_colors_info=\u00bb{}\u00bb][\/et_pb_shop][\/et_pb_column][\/et_pb_row][\/et_pb_section][et_pb_section fb_built=\u00bb1&#8243; admin_label=\u00bbFeatured Offer\u00bb _builder_version=\u00bb4.27.0&#8243; _module_preset=\u00bbdefault\u00bb background_color=\u00bb#0a0a0a\u00bb locked=\u00bboff\u00bb collapsed=\u00bbon\u00bb global_colors_info=\u00bb{%22gcid-28366106-ecf8-496b-97f0-6a9be6882356%22:%91%22background_color%22%93}\u00bb][et_pb_row column_structure=\u00bb1_2,1_2&#8243; _builder_version=\u00bb4.27.3&#8243; _module_preset=\u00bbdefault\u00bb global_colors_info=\u00bb{}\u00bb][et_pb_column type=\u00bb1_2&#8243; _builder_version=\u00bb4.27.3&#8243; _module_preset=\u00bbdefault\u00bb global_colors_info=\u00bb{}\u00bb][et_pb_image src=\u00bbhttps:\/\/www.estilodevida.com.do\/wp-content\/uploads\/2024\/11\/IMG_9033-scaled.jpg\u00bb title_text=\u00bbIMG_9033&#8243; _builder_version=\u00bb4.27.3&#8243; _module_preset=\u00bbdefault\u00bb global_colors_info=\u00bb{}\u00bb][\/et_pb_image][\/et_pb_column][et_pb_column type=\u00bb1_2&#8243; _builder_version=\u00bb4.27.3&#8243; _module_preset=\u00bbdefault\u00bb global_colors_info=\u00bb{}\u00bb][et_pb_image src=\u00bbhttps:\/\/www.estilodevida.com.do\/wp-content\/uploads\/2024\/11\/IMG_8714-scaled.jpg\u00bb title_text=\u00bbIMG_8714&#8243; _builder_version=\u00bb4.27.3&#8243; _module_preset=\u00bbdefault\u00bb global_colors_info=\u00bb{}\u00bb][\/et_pb_image][\/et_pb_column][\/et_pb_row][et_pb_row column_structure=\u00bb1_2,1_2&#8243; _builder_version=\u00bb4.27.3&#8243; _module_preset=\u00bbdefault\u00bb global_colors_info=\u00bb{}\u00bb][et_pb_column type=\u00bb1_2&#8243; _builder_version=\u00bb4.27.3&#8243; _module_preset=\u00bbdefault\u00bb global_colors_info=\u00bb{}\u00bb][et_pb_image src=\u00bbhttps:\/\/www.estilodevida.com.do\/wp-content\/uploads\/2024\/11\/IMG_8733-scaled.jpg\u00bb title_text=\u00bbIMG_8733&#8243; _builder_version=\u00bb4.27.3&#8243; _module_preset=\u00bbdefault\u00bb global_colors_info=\u00bb{}\u00bb][\/et_pb_image][\/et_pb_column][et_pb_column type=\u00bb1_2&#8243; _builder_version=\u00bb4.27.3&#8243; _module_preset=\u00bbdefault\u00bb global_colors_info=\u00bb{}\u00bb][et_pb_image src=\u00bbhttps:\/\/www.estilodevida.com.do\/wp-content\/uploads\/2024\/11\/IMG_9099-3-scaled.jpg\u00bb title_text=\u00bbIMG_9099 3&#8243; _builder_version=\u00bb4.27.3&#8243; _module_preset=\u00bbdefault\u00bb global_colors_info=\u00bb{}\u00bb][\/et_pb_image][\/et_pb_column][\/et_pb_row][et_pb_row column_structure=\u00bb1_2,1_2&#8243; _builder_version=\u00bb4.22.0&#8243; _module_preset=\u00bbdefault\u00bb global_colors_info=\u00bb{}\u00bb][et_pb_column type=\u00bb1_2&#8243; _builder_version=\u00bb4.22.0&#8243; _module_preset=\u00bbdefault\u00bb global_colors_info=\u00bb{}\u00bb][et_pb_text _builder_version=\u00bb4.27.0&#8243; _module_preset=\u00bbbee83c86-d9c3-4921-84bc-856be98bf403&#8243; header_2_text_color=\u00bb#FFFFFF\u00bb global_colors_info=\u00bb{}\u00bb]<\/p>\n<h2>KITESURF EXPERIENCE<\/h2>\n<h2>T-SHIRT<\/h2>\n<p>[\/et_pb_text][et_pb_text _builder_version=\u00bb4.27.3&#8243; _module_preset=\u00bbdefault\u00bb global_colors_info=\u00bb{}\u00bb]<a href=\"https:\/\/www.estilodevida.com.do\/es\/contacta-con-nosotros\/\" class=\"ov-btn-grow-skew-reverse\">CONT\u00c1CTANOS <\/a>[\/et_pb_text][\/et_pb_column][et_pb_column type=\u00bb1_2&#8243; _builder_version=\u00bb4.22.0&#8243; _module_preset=\u00bbdefault\u00bb global_colors_info=\u00bb{}\u00bb][et_pb_text _builder_version=\u00bb4.22.0&#8243; _module_preset=\u00bb75596d22-144a-4d4d-8af1-a6a3bcd6841a\u00bb text_text_color=\u00bb#FFFFFF\u00bb global_colors_info=\u00bb{}\u00bb]<\/p>\n<ol>\n<li>100% algod\u00f3n org\u00e1nico<\/li>\n<li>Tierra Positiva<\/li>\n<li>Fare Ware<\/li>\n<li>Tallas disponibles : S, M, L, XL, XXL<\/li>\n<li>\u00a1Ponte en contacto con nosotros para que te enviemos el tuyo a todo el mundo!<\/li>\n<\/ol>\n<p>[\/et_pb_text][\/et_pb_column][\/et_pb_row][\/et_pb_section]<\/p>\n","protected":false},"excerpt":{"rendered":"<p>ShoPKITESURF EXPERIENCE T-SHIRTCONT\u00c1CTANOS 100% algod\u00f3n org\u00e1nico Tierra Positiva Fare Ware Tallas disponibles : S, M, L, XL, XXL \u00a1Ponte en contacto con nosotros para que te enviemos el tuyo a todo el mundo!<\/p>\n","protected":false},"author":5,"featured_media":0,"parent":0,"menu_order":0,"comment_status":"closed","ping_status":"closed","template":"","meta":{"_et_pb_use_builder":"on","_et_pb_old_content":"","_et_gb_content_width":"","footnotes":""},"class_list":["post-1458","page","type-page","status-publish","hentry"],"_links":{"self":[{"href":"https:\/\/www.estilodevida.com.do\/es\/wp-json\/wp\/v2\/pages\/1458","targetHints":{"allow":["GET"]}}],"collection":[{"href":"https:\/\/www.estilodevida.com.do\/es\/wp-json\/wp\/v2\/pages"}],"about":[{"href":"https:\/\/www.estilodevida.com.do\/es\/wp-json\/wp\/v2\/types\/page"}],"author":[{"embeddable":true,"href":"https:\/\/www.estilodevida.com.do\/es\/wp-json\/wp\/v2\/users\/5"}],"replies":[{"embeddable":true,"href":"https:\/\/www.estilodevida.com.do\/es\/wp-json\/wp\/v2\/comments?post=1458"}],"version-history":[{"count":0,"href":"https:\/\/www.estilodevida.com.do\/es\/wp-json\/wp\/v2\/pages\/1458\/revisions"}],"wp:attachment":[{"href":"https:\/\/www.estilodevida.com.do\/es\/wp-json\/wp\/v2\/media?parent=1458"}],"curies":[{"name":"wp","href":"https:\/\/api.w.org\/{rel}","templated":true}]}}