{"id":2189,"date":"2024-08-20T14:12:02","date_gmt":"2024-08-20T14:12:02","guid":{"rendered":"https:\/\/estilodevida.cloudnine.com.do\/paquete\/"},"modified":"2024-11-20T21:13:52","modified_gmt":"2024-11-20T21:13:52","slug":"paquete","status":"publish","type":"page","link":"https:\/\/www.estilodevida.com.do\/es\/paquete\/","title":{"rendered":"Paquete"},"content":{"rendered":"<p>[et_pb_section fb_built=\u00bb1&#8243; admin_label=\u00bbHeader\u00bb _builder_version=\u00bb4.27.3&#8243; _module_preset=\u00bb51afa255-d5c6-4c52-8831-7e4271afdfd9&#8243; background_color=\u00bbgcid-2352d280-fe84-43b1-a71e-f400c35a526a\u00bb background_color_gradient_stops=\u00bbgcid-d119accd-44d7-4f2f-b9d7-599c8463324b 0%|rgba(255,255,255,0) 30%|#000000 80%|#000000 100%\u00bb background_image=\u00bbhttps:\/\/www.estilodevida.com.do\/wp-content\/uploads\/2024\/09\/packages-scaled.jpg\u00bb background_enable_image=\u00bbon\u00bb parallax=\u00bbon\u00bb custom_margin=\u00bb|||0px|false|false\u00bb custom_padding=\u00bb122px||122px||true|\u00bb locked=\u00bboff\u00bb collapsed=\u00bbon\u00bb global_colors_info=\u00bb{%22gcid-1f1bf5fb-a99d-4acc-8d9e-ddac074c158c%22:%91%22background_color_gradient_stops%22,%22background_color_gradient_stops%22%93,%22gcid-4c79ba3d-a281-4fb6-9b14-02f9a4c793f2%22:%91%22background_color_gradient_stops%22,%22background_color_gradient_stops%22%93,%22gcid-688c464a-d6f2-4296-b592-395352c71c79%22:%91%22background_color_gradient_stops%22,%22background_color_gradient_stops%22%93,%22gcid-d119accd-44d7-4f2f-b9d7-599c8463324b%22:%91%22background_color_gradient_stops%22,%22background_color_gradient_stops%22%93,%22gcid-2352d280-fe84-43b1-a71e-f400c35a526a%22:%91%22background_color%22%93}\u00bb][et_pb_row _builder_version=\u00bb4.27.0&#8243; _module_preset=\u00bbdefault\u00bb custom_margin=\u00bb0px||0px|10%|true|false\u00bb custom_padding=\u00bb50px||50px||true|false\u00bb global_colors_info=\u00bb{}\u00bb][et_pb_column type=\u00bb4_4&#8243; _builder_version=\u00bb4.27.0&#8243; _module_preset=\u00bbdefault\u00bb global_colors_info=\u00bb{}\u00bb][et_pb_text _builder_version=\u00bb4.27.0&#8243; _module_preset=\u00bbdefault\u00bb text_font=\u00bbPoppins|300||on|||||\u00bb text_text_color=\u00bbrgba(255,255,255,0.61)\u00bb text_font_size=\u00bb16px\u00bb custom_margin=\u00bb15%||0px||false|false\u00bb custom_padding=\u00bb15%||||false|false\u00bb global_colors_info=\u00bb{}\u00bb]<\/p>\n<p>todo est\u00e1 listo<\/p>\n<p>[\/et_pb_text][et_pb_heading title=\u00bbPAQUETE\u00bb _builder_version=\u00bb4.27.0&#8243; _module_preset=\u00bb628dee7b-af20-4ad7-b213-061e22b7d6a5&#8243; title_font=\u00bbPoppins|700||on|||||\u00bb title_text_align=\u00bbleft\u00bb title_text_color=\u00bb#ffffff\u00bb title_font_size=\u00bb70px\u00bb custom_margin=\u00bb||10px||false|false\u00bb animation_style=\u00bbfade\u00bb title_font_size_tablet=\u00bb50px\u00bb title_font_size_phone=\u00bb40px\u00bb title_font_size_last_edited=\u00bbon|phone\u00bb global_colors_info=\u00bb{}\u00bb][\/et_pb_heading][\/et_pb_column][\/et_pb_row][\/et_pb_section][et_pb_section fb_built=\u00bb1&#8243; _builder_version=\u00bb4.27.0&#8243; _module_preset=\u00bbdefault\u00bb background_color=\u00bbgcid-2352d280-fe84-43b1-a71e-f400c35a526a\u00bb custom_padding=\u00bb150px||150px||true|\u00bb global_colors_info=\u00bb{%22gcid-2352d280-fe84-43b1-a71e-f400c35a526a%22:%91%22background_color%22%93}\u00bb][et_pb_row column_structure=\u00bb1_2,1_2&#8243; use_custom_gutter=\u00bbon\u00bb gutter_width=\u00bb2&#8243; make_equal=\u00bbon\u00bb custom_padding_last_edited=\u00bbon|desktop\u00bb _builder_version=\u00bb4.27.0&#8243; _module_preset=\u00bbdefault\u00bb custom_padding=\u00bb||10px||false|false\u00bb custom_padding_tablet=\u00bb||0px||false|false\u00bb custom_padding_phone=\u00bb||0px||false|false\u00bb locked=\u00bboff\u00bb global_colors_info=\u00bb{}\u00bb][et_pb_column type=\u00bb1_2&#8243; _builder_version=\u00bb4.22.0&#8243; _module_preset=\u00bbdefault\u00bb background_color=\u00bb#FFFFFF\u00bb custom_padding=\u00bb40px|40px|40px|40px|true|true\u00bb custom_padding_tablet=\u00bb30px|30px|30px|30px|true|true\u00bb custom_padding_phone=\u00bb20px|20px|20px|20px|true|true\u00bb custom_padding_last_edited=\u00bbon|phone\u00bb border_radii=\u00bbon|10px|10px|10px|10px\u00bb global_colors_info=\u00bb{}\u00bb][et_pb_icon font_icon=\u00bb&#xf05a;||fa||900&#8243; icon_color=\u00bbgcid-2352d280-fe84-43b1-a71e-f400c35a526a\u00bb icon_width=\u00bb85px\u00bb _builder_version=\u00bb4.27.0&#8243; _module_preset=\u00bbdefault\u00bb global_colors_info=\u00bb{%22gcid-2352d280-fe84-43b1-a71e-f400c35a526a%22:%91%22icon_color%22%93}\u00bb][\/et_pb_icon][et_pb_text _builder_version=\u00bb4.22.0&#8243; _module_preset=\u00bbe5562f7c-c3da-4b6f-b8d6-01f48c485034&#8243; text_orientation=\u00bbcenter\u00bb global_colors_info=\u00bb{}\u00bb]<\/p>\n<p><b>\u00bfBuscas viajar sin estr\u00e9s y sin preocupaciones? Cu\u00e9ntanos tus necesidades y fechas, y dise\u00f1aremos el paquete perfecto para ti. Ya sea que busques lujo, comodidad o econom\u00eda, nos encargaremos de todos los detalles para que puedas relajarte y disfrutar tu viaje sin preocupaciones.<br \/>  <\/b><\/p>\n<p>[\/et_pb_text][\/et_pb_column][et_pb_column type=\u00bb1_2&#8243; _builder_version=\u00bb4.27.0&#8243; _module_preset=\u00bbdefault\u00bb background_color=\u00bb#FFFFFF\u00bb custom_padding=\u00bb40px|40px|40px|40px|true|true\u00bb custom_padding_tablet=\u00bb30px|30px|30px|30px|true|true\u00bb custom_padding_phone=\u00bb20px|20px|20px|20px|true|true\u00bb custom_padding_last_edited=\u00bbon|phone\u00bb border_radii=\u00bbon|10px|10px|10px|10px\u00bb global_colors_info=\u00bb{}\u00bb][et_pb_icon font_icon=\u00bb&#xf5b0;||fa||900&#8243; icon_color=\u00bbgcid-2352d280-fe84-43b1-a71e-f400c35a526a\u00bb icon_width=\u00bb85px\u00bb _builder_version=\u00bb4.27.0&#8243; _module_preset=\u00bbdefault\u00bb global_colors_info=\u00bb{%22gcid-2352d280-fe84-43b1-a71e-f400c35a526a%22:%91%22icon_color%22%93}\u00bb][\/et_pb_icon][et_pb_text _builder_version=\u00bb4.22.0&#8243; _module_preset=\u00bbe5562f7c-c3da-4b6f-b8d6-01f48c485034&#8243; text_orientation=\u00bbcenter\u00bb locked=\u00bboff\u00bb global_colors_info=\u00bb{}\u00bb]<\/p>\n<p><b>Desde traslados desde el aeropuerto hasta alojamientos, manejamos todos los arreglos, asegur\u00e1ndonos de que apruebes todo antes de finalizar cualquier reserva en tu nombre.<\/b><\/p>\n<p>[\/et_pb_text][\/et_pb_column][\/et_pb_row][\/et_pb_section][et_pb_section fb_built=\u00bb1&#8243; admin_label=\u00bbPricing\u00bb _builder_version=\u00bb4.27.2&#8243; _module_preset=\u00bbdefault\u00bb collapsed=\u00bbon\u00bb global_colors_info=\u00bb{}\u00bb][et_pb_row _builder_version=\u00bb4.22.0&#8243; _module_preset=\u00bbdefault\u00bb global_colors_info=\u00bb{}\u00bb][et_pb_column type=\u00bb4_4&#8243; _builder_version=\u00bb4.22.0&#8243; _module_preset=\u00bbdefault\u00bb global_colors_info=\u00bb{}\u00bb][et_pb_text _builder_version=\u00bb4.27.0&#8243; _module_preset=\u00bb66ce9c61-d138-4b3a-8e6c-d0a0d13e28db\u00bb header_font_size=\u00bb34px\u00bb header_2_font=\u00bbPoppins|700|||||||\u00bb header_2_font_size=\u00bb50px\u00bb text_orientation=\u00bbcenter\u00bb header_2_font_size_tablet=\u00bb50px\u00bb header_2_font_size_phone=\u00bb30px\u00bb header_2_font_size_last_edited=\u00bbon|phone\u00bb global_colors_info=\u00bb{}\u00bb]<\/p>\n<h2>Servicio por horas<\/h2>\n<p>[\/et_pb_text][\/et_pb_column][\/et_pb_row][et_pb_row column_structure=\u00bb1_3,1_3,1_3&#8243; use_custom_gutter=\u00bbon\u00bb gutter_width=\u00bb2&#8243; make_equal=\u00bbon\u00bb _builder_version=\u00bb4.27.3&#8243; _module_preset=\u00bbdefault\u00bb transform_scale=\u00bb105%|105%\u00bb width=\u00bb100%\u00bb max_width=\u00bb1300px\u00bb hover_enabled=\u00bb0&#8243; global_colors_info=\u00bb{}\u00bb sticky_enabled=\u00bb0&#8243;][et_pb_column type=\u00bb1_3&#8243; _builder_version=\u00bb4.27.3&#8243; _module_preset=\u00bbdefault\u00bb use_background_color_gradient=\u00bbon\u00bb background_color_gradient_stops=\u00bbrgba(216,216,216,0) 0%|rgba(10,10,10,0.3) 80%|#0a0500 99%\u00bb background_color_gradient_overlays_image=\u00bbon\u00bb background_image=\u00bbhttps:\/\/www.estilodevida.com.do\/wp-content\/uploads\/2024\/11\/IMG_5824-1-scaled.jpg\u00bb custom_padding=\u00bb400px||||false|false\u00bb hover_enabled=\u00bb0&#8243; global_colors_info=\u00bb{}\u00bb title_text=\u00bbIMG_5824 (1)\u00bb sticky_enabled=\u00bb0&#8243;][et_pb_text _builder_version=\u00bb4.27.3&#8243; _module_preset=\u00bb8da30a35-14ee-4f35-b6d3-968470b1dea4&#8243; text_font=\u00bbPoppins|700|||||||\u00bb text_text_color=\u00bbgcid-secondary-color\u00bb text_font_size=\u00bb26px\u00bb text_line_height=\u00bb1.1em\u00bb header_text_color=\u00bb#FFFFFF\u00bb text_orientation=\u00bbcenter\u00bb custom_margin=\u00bb||10px||false|false\u00bb text_font_size_tablet=\u00bb26px\u00bb text_font_size_phone=\u00bb20px\u00bb text_font_size_last_edited=\u00bbon|phone\u00bb global_colors_info=\u00bb{%22gcid-secondary-color%22:%91%22text_text_color%22%93}\u00bb]<\/p>\n<p><b>PAQUETE DE LUJO<\/b><\/p>\n<p>[\/et_pb_text][et_pb_text _builder_version=\u00bb4.27.3&#8243; _module_preset=\u00bbe5562f7c-c3da-4b6f-b8d6-01f48c485034&#8243; text_font=\u00bbPoppins|300|||||||\u00bb text_text_color=\u00bb#FFFFFF\u00bb text_line_height=\u00bb1.1em\u00bb text_orientation=\u00bbcenter\u00bb global_colors_info=\u00bb{}\u00bb]<\/p>\n<p>Precio seg\u00fan demanda<\/p>\n<p>[\/et_pb_text][et_pb_text _builder_version=\u00bb4.27.3&#8243; _module_preset=\u00bbdefault\u00bb text_orientation=\u00bbcenter\u00bb custom_padding=\u00bb||21px|||\u00bb link_option_url=\u00bbhttps:\/\/www.estilodevida.com.do\/es\/contacta-con-nosotros\/\u00bb global_colors_info=\u00bb{}\u00bb]<\/p>\n<p><a href=\"https:\/\/www.estilodevida.com.do\/es\/contacta-con-nosotros\/\" class=\"ov-btn-grow-skew-reverse\">CONT\u00c1CTANOS<\/a><\/p>\n<p>[\/et_pb_text][\/et_pb_column][et_pb_column type=\u00bb1_3&#8243; _builder_version=\u00bb4.27.3&#8243; _module_preset=\u00bbdefault\u00bb use_background_color_gradient=\u00bbon\u00bb background_color_gradient_stops=\u00bbrgba(216,216,216,0) 0%|rgba(10,0,0,0.3) 80%|#0a0a0a 100%\u00bb background_color_gradient_overlays_image=\u00bbon\u00bb background_image=\u00bbhttps:\/\/www.estilodevida.com.do\/wp-content\/uploads\/2024\/11\/luxury-scaled.jpg\u00bb custom_padding=\u00bb400px||||false|false\u00bb hover_enabled=\u00bb0&#8243; global_colors_info=\u00bb{}\u00bb title_text=\u00bbluxury\u00bb sticky_enabled=\u00bb0&#8243;][et_pb_text _builder_version=\u00bb4.27.3&#8243; _module_preset=\u00bb8da30a35-14ee-4f35-b6d3-968470b1dea4&#8243; text_font=\u00bbPoppins|700|||||||\u00bb text_text_color=\u00bbgcid-secondary-color\u00bb text_font_size=\u00bb26px\u00bb text_line_height=\u00bb1.1em\u00bb header_text_color=\u00bb#FFFFFF\u00bb text_orientation=\u00bbcenter\u00bb custom_margin=\u00bb||10px||false|false\u00bb text_font_size_tablet=\u00bb26px\u00bb text_font_size_phone=\u00bb20px\u00bb text_font_size_last_edited=\u00bbon|phone\u00bb global_colors_info=\u00bb{%22gcid-secondary-color%22:%91%22text_text_color%22%93}\u00bb]<\/p>\n<p>PAQUETE CONFORT<\/p>\n<p>[\/et_pb_text][et_pb_text _builder_version=\u00bb4.27.3&#8243; _module_preset=\u00bbe5562f7c-c3da-4b6f-b8d6-01f48c485034&#8243; text_font=\u00bbPoppins|300|||||||\u00bb text_text_color=\u00bb#FFFFFF\u00bb text_line_height=\u00bb1.1em\u00bb text_orientation=\u00bbcenter\u00bb global_colors_info=\u00bb{}\u00bb]<\/p>\n<p>Precio seg\u00fan demanda<\/p>\n<p>[\/et_pb_text][et_pb_text _builder_version=\u00bb4.27.3&#8243; _module_preset=\u00bbdefault\u00bb text_orientation=\u00bbcenter\u00bb custom_padding=\u00bb||21px|||\u00bb link_option_url=\u00bbhttps:\/\/www.estilodevida.com.do\/es\/contacta-con-nosotros\/\u00bb global_colors_info=\u00bb{}\u00bb]<\/p>\n<p><a href=\"https:\/\/www.estilodevida.com.do\/es\/contacta-con-nosotros\/\" class=\"ov-btn-grow-skew-reverse\">CONT\u00c1CTANOS<\/a><\/p>\n<p>[\/et_pb_text][\/et_pb_column][et_pb_column type=\u00bb1_3&#8243; _builder_version=\u00bb4.27.3&#8243; _module_preset=\u00bbdefault\u00bb use_background_color_gradient=\u00bbon\u00bb background_color_gradient_stops=\u00bbrgba(216,216,216,0) 0%|rgba(10,0,0,0.3) 80%|#0a0a0a 100%\u00bb background_color_gradient_overlays_image=\u00bbon\u00bb background_image=\u00bbhttps:\/\/www.estilodevida.com.do\/wp-content\/uploads\/2024\/11\/IMG_5304-2-scaled.jpg\u00bb custom_padding=\u00bb400px||||false|false\u00bb hover_enabled=\u00bb0&#8243; global_colors_info=\u00bb{}\u00bb title_text=\u00bbIMG_5304 (2)\u00bb sticky_enabled=\u00bb0&#8243;][et_pb_text _builder_version=\u00bb4.27.3&#8243; _module_preset=\u00bb8da30a35-14ee-4f35-b6d3-968470b1dea4&#8243; text_font=\u00bbPoppins|700||||on|||\u00bb text_text_color=\u00bbgcid-secondary-color\u00bb text_font_size=\u00bb26px\u00bb text_line_height=\u00bb1.1em\u00bb header_text_color=\u00bb#FFFFFF\u00bb text_orientation=\u00bbcenter\u00bb custom_margin=\u00bb||10px||false|false\u00bb text_font_size_tablet=\u00bb26px\u00bb text_font_size_phone=\u00bb20px\u00bb text_font_size_last_edited=\u00bbon|phone\u00bb global_colors_info=\u00bb{%22gcid-secondary-color%22:%91%22text_text_color%22%93}\u00bb]<\/p>\n<p><b>PAQUETE ECON\u00d3MICO<\/b><\/p>\n<p>[\/et_pb_text][et_pb_text _builder_version=\u00bb4.27.3&#8243; _module_preset=\u00bbe5562f7c-c3da-4b6f-b8d6-01f48c485034&#8243; text_font=\u00bbPoppins|300|||||||\u00bb text_text_color=\u00bb#FFFFFF\u00bb text_line_height=\u00bb1.1em\u00bb text_orientation=\u00bbcenter\u00bb global_colors_info=\u00bb{}\u00bb]<\/p>\n<p>Precio seg\u00fan demanda<\/p>\n<p>[\/et_pb_text][et_pb_text _builder_version=\u00bb4.27.3&#8243; _module_preset=\u00bbdefault\u00bb text_orientation=\u00bbcenter\u00bb custom_padding=\u00bb||21px|||\u00bb link_option_url=\u00bbhttps:\/\/www.estilodevida.com.do\/es\/contacta-con-nosotros\/\u00bb global_colors_info=\u00bb{}\u00bb]<\/p>\n<p><a href=\"https:\/\/www.estilodevida.com.do\/es\/contacta-con-nosotros\/\" class=\"ov-btn-grow-skew-reverse\">CONT\u00c1CTANOS<\/a><\/p>\n<p>[\/et_pb_text][\/et_pb_column][\/et_pb_row][\/et_pb_section][et_pb_section fb_built=\u00bb1&#8243; _builder_version=\u00bb4.27.0&#8243; _module_preset=\u00bbdefault\u00bb background_color=\u00bb#0a0a0a\u00bb border_radii=\u00bbon|1px|1px|1px|1px\u00bb border_color_all=\u00bb#424242&#8243; border_width_top=\u00bb2px\u00bb border_width_bottom=\u00bb2px\u00bb global_module=\u00bb1951&#8243; saved_tabs=\u00bball\u00bb collapsed=\u00bbon\u00bb global_colors_info=\u00bb{}\u00bb][et_pb_row column_structure=\u00bb1_3,1_3,1_3&#8243; _builder_version=\u00bb4.27.0&#8243; _module_preset=\u00bbdefault\u00bb global_colors_info=\u00bb{}\u00bb][et_pb_column type=\u00bb1_3&#8243; _builder_version=\u00bb4.27.0&#8243; _module_preset=\u00bbdefault\u00bb global_colors_info=\u00bb{}\u00bb][et_pb_icon font_icon=\u00bb&#xe0d9;||divi||400&#8243; icon_width=\u00bb57px\u00bb _builder_version=\u00bb4.27.0&#8243; _module_preset=\u00bbdefault\u00bb global_colors_info=\u00bb{}\u00bb][\/et_pb_icon][et_pb_text _builder_version=\u00bb4.27.0&#8243; _module_preset=\u00bbdefault\u00bb global_colors_info=\u00bb{}\u00bb]<\/p>\n<p style=\"text-align: center;\"><span style=\"color: #ffffff;\"><strong>ESCUELA AUTORIZADA<\/strong><\/span><\/p>\n<p>[\/et_pb_text][\/et_pb_column][et_pb_column type=\u00bb1_3&#8243; _builder_version=\u00bb4.27.0&#8243; _module_preset=\u00bbdefault\u00bb global_colors_info=\u00bb{}\u00bb][et_pb_icon font_icon=\u00bb&#xf1f4;||fa||400&#8243; icon_width=\u00bb60px\u00bb _builder_version=\u00bb4.27.0&#8243; _module_preset=\u00bbdefault\u00bb global_colors_info=\u00bb{}\u00bb][\/et_pb_icon][et_pb_text _builder_version=\u00bb4.27.0&#8243; _module_preset=\u00bbdefault\u00bb global_colors_info=\u00bb{}\u00bb]<\/p>\n<p style=\"text-align: center;\"><span style=\"color: #ffffff;\"><strong>ACEPTAMOS<\/strong><\/span><\/p>\n<p>[\/et_pb_text][\/et_pb_column][et_pb_column type=\u00bb1_3&#8243; _builder_version=\u00bb4.27.0&#8243; _module_preset=\u00bbdefault\u00bb global_colors_info=\u00bb{}\u00bb][et_pb_icon font_icon=\u00bb&#xf57d;||fa||900&#8243; icon_width=\u00bb60px\u00bb _builder_version=\u00bb4.27.0&#8243; _module_preset=\u00bbdefault\u00bb global_colors_info=\u00bb{}\u00bb][\/et_pb_icon][et_pb_text _builder_version=\u00bb4.27.0&#8243; _module_preset=\u00bbdefault\u00bb global_colors_info=\u00bb{}\u00bb]<\/p>\n<p style=\"text-align: center;\"><span style=\"color: #ffffff;\"><strong>HABLAMOS 5 IDIOMAS<\/strong><\/span><\/p>\n<p>[\/et_pb_text][\/et_pb_column][\/et_pb_row][\/et_pb_section]<\/p>\n","protected":false},"excerpt":{"rendered":"<p>todo est\u00e1 listo\u00bfBuscas viajar sin estr\u00e9s y sin preocupaciones? Cu\u00e9ntanos tus necesidades y fechas, y dise\u00f1aremos el paquete perfecto para ti. Ya sea que busques lujo, comodidad o econom\u00eda, nos encargaremos de todos los detalles para que puedas relajarte y disfrutar tu viaje sin preocupaciones. Desde traslados desde el aeropuerto hasta alojamientos, manejamos todos los [&hellip;]<\/p>\n","protected":false},"author":5,"featured_media":0,"parent":0,"menu_order":0,"comment_status":"closed","ping_status":"closed","template":"","meta":{"_et_pb_use_builder":"on","_et_pb_old_content":"","_et_gb_content_width":"","footnotes":""},"class_list":["post-2189","page","type-page","status-publish","hentry"],"_links":{"self":[{"href":"https:\/\/www.estilodevida.com.do\/es\/wp-json\/wp\/v2\/pages\/2189","targetHints":{"allow":["GET"]}}],"collection":[{"href":"https:\/\/www.estilodevida.com.do\/es\/wp-json\/wp\/v2\/pages"}],"about":[{"href":"https:\/\/www.estilodevida.com.do\/es\/wp-json\/wp\/v2\/types\/page"}],"author":[{"embeddable":true,"href":"https:\/\/www.estilodevida.com.do\/es\/wp-json\/wp\/v2\/users\/5"}],"replies":[{"embeddable":true,"href":"https:\/\/www.estilodevida.com.do\/es\/wp-json\/wp\/v2\/comments?post=2189"}],"version-history":[{"count":0,"href":"https:\/\/www.estilodevida.com.do\/es\/wp-json\/wp\/v2\/pages\/2189\/revisions"}],"wp:attachment":[{"href":"https:\/\/www.estilodevida.com.do\/es\/wp-json\/wp\/v2\/media?parent=2189"}],"curies":[{"name":"wp","href":"https:\/\/api.w.org\/{rel}","templated":true}]}}