{"id":2253,"date":"2024-08-20T14:07:13","date_gmt":"2024-08-20T14:07:13","guid":{"rendered":"https:\/\/estilodevida.cloudnine.com.do\/terapia-deportiva\/"},"modified":"2024-11-25T21:29:34","modified_gmt":"2024-11-25T21:29:34","slug":"terapia-deportiva","status":"publish","type":"page","link":"https:\/\/www.estilodevida.com.do\/es\/terapia-deportiva\/","title":{"rendered":"Terapia deportiva"},"content":{"rendered":"<p>[et_pb_section fb_built=\u00bb1&#8243; admin_label=\u00bbHeader\u00bb _builder_version=\u00bb4.27.3&#8243; _module_preset=\u00bb51afa255-d5c6-4c52-8831-7e4271afdfd9&#8243; background_color=\u00bbgcid-2352d280-fe84-43b1-a71e-f400c35a526a\u00bb background_color_gradient_stops=\u00bbgcid-d119accd-44d7-4f2f-b9d7-599c8463324b 0%|rgba(255,255,255,0) 30%|rgba(0,0,0,0.3) 80%|#000000 100%\u00bb background_image=\u00bbhttps:\/\/www.estilodevida.com.do\/wp-content\/uploads\/2024\/11\/pixelcut-export.png\u00bb background_enable_image=\u00bbon\u00bb parallax=\u00bbon\u00bb custom_margin=\u00bb|||0px|false|false\u00bb custom_padding=\u00bb100px||50px|||\u00bb hover_enabled=\u00bb0&#8243; locked=\u00bboff\u00bb collapsed=\u00bbon\u00bb global_colors_info=\u00bb{%22gcid-1f1bf5fb-a99d-4acc-8d9e-ddac074c158c%22:%91%22background_color_gradient_stops%22,%22background_color_gradient_stops%22%93,%22gcid-4c79ba3d-a281-4fb6-9b14-02f9a4c793f2%22:%91%22background_color_gradient_stops%22,%22background_color_gradient_stops%22%93,%22gcid-688c464a-d6f2-4296-b592-395352c71c79%22:%91%22background_color_gradient_stops%22,%22background_color_gradient_stops%22%93,%22gcid-d119accd-44d7-4f2f-b9d7-599c8463324b%22:%91%22background_color_gradient_stops%22,%22background_color_gradient_stops%22%93,%22gcid-2352d280-fe84-43b1-a71e-f400c35a526a%22:%91%22background_color%22%93}\u00bb sticky_enabled=\u00bb0&#8243;][et_pb_row _builder_version=\u00bb4.27.0&#8243; _module_preset=\u00bbdefault\u00bb custom_margin=\u00bb0px||0px|10%|true|false\u00bb custom_padding=\u00bb50px||50px||true|false\u00bb global_colors_info=\u00bb{}\u00bb][et_pb_column type=\u00bb4_4&#8243; _builder_version=\u00bb4.27.0&#8243; _module_preset=\u00bbdefault\u00bb global_colors_info=\u00bb{}\u00bb][et_pb_text _builder_version=\u00bb4.27.0&#8243; _module_preset=\u00bbdefault\u00bb text_font=\u00bbPoppins|300||on|||||\u00bb text_text_color=\u00bbrgba(255,255,255,0.61)\u00bb text_font_size=\u00bb16px\u00bb custom_margin=\u00bb15%||0px||false|false\u00bb custom_padding=\u00bb15%||||false|false\u00bb global_colors_info=\u00bb{}\u00bb]<\/p>\n<p>recuperate<\/p>\n<p>[\/et_pb_text][et_pb_heading title=\u00bbTERAPIA DEPORTIVA\u00bb _builder_version=\u00bb4.27.0&#8243; _module_preset=\u00bb628dee7b-af20-4ad7-b213-061e22b7d6a5&#8243; title_font=\u00bbPoppins|700||on|||||\u00bb title_text_align=\u00bbleft\u00bb title_text_color=\u00bb#ffffff\u00bb title_font_size=\u00bb70px\u00bb custom_margin=\u00bb||10px||false|false\u00bb animation_style=\u00bbfade\u00bb title_font_size_tablet=\u00bb50px\u00bb title_font_size_phone=\u00bb40px\u00bb title_font_size_last_edited=\u00bbon|phone\u00bb global_colors_info=\u00bb{}\u00bb][\/et_pb_heading][\/et_pb_column][\/et_pb_row][\/et_pb_section][et_pb_section fb_built=\u00bb1&#8243; admin_label=\u00bbAbout\u00bb _builder_version=\u00bb4.27.0&#8243; _module_preset=\u00bb8b06c0e2-739e-49d1-8557-e273045e418d\u00bb custom_margin=\u00bb||||false\u00bb custom_padding=\u00bb270px||270px||true|false\u00bb locked=\u00bboff\u00bb collapsed=\u00bbon\u00bb global_colors_info=\u00bb{%22gcid-2352d280-fe84-43b1-a71e-f400c35a526a%22:%91%22background_color%22%93}\u00bb][et_pb_row _builder_version=\u00bb4.25.2&#8243; _module_preset=\u00bbdefault\u00bb max_width=\u00bb1229px\u00bb global_colors_info=\u00bb{}\u00bb][et_pb_column type=\u00bb4_4&#8243; _builder_version=\u00bb4.25.1&#8243; _module_preset=\u00bbdefault\u00bb global_colors_info=\u00bb{}\u00bb][et_pb_heading title=\u00bb\u00a1Libera tu potencial con RSQ1! \u00bfQuieres entrenar 15 minutos con el efecto de 2 horas de entrenamiento muscular? \u00bf Tienes dolor en alguna parte o una antigua lesi\u00f3n ? H\u00e1znoslo saber, \u00a1podr\u00edamos ayudarte!<br \/>\n\u00bb _builder_version=\u00bb4.27.0&#8243; _module_preset=\u00bb628dee7b-af20-4ad7-b213-061e22b7d6a5&#8243; title_level=\u00bbh3&#8243; title_font=\u00bbPoppins|700|||||||\u00bb title_text_align=\u00bbcenter\u00bb title_text_color=\u00bb#ffffff\u00bb title_font_size=\u00bb30px\u00bb title_line_height=\u00bb1.7em\u00bb custom_margin=\u00bb||10px||false|false\u00bb title_text_shadow_style=\u00bbpreset1&#8243; global_colors_info=\u00bb{}\u00bb][\/et_pb_heading][\/et_pb_column][\/et_pb_row][\/et_pb_section][et_pb_section fb_built=\u00bb1&#8243; custom_padding_last_edited=\u00bbon|phone\u00bb _builder_version=\u00bb4.27.0&#8243; _module_preset=\u00bbdefault\u00bb background_color=\u00bbgcid-2bb820f4-8993-4899-8850-c73e9c1e988e\u00bb custom_padding=\u00bb0px||0px||true|false\u00bb custom_padding_tablet=\u00bb0px||0px||true|false\u00bb custom_padding_phone=\u00bb0px||60px||false|false\u00bb global_colors_info=\u00bb{%22gcid-2bb820f4-8993-4899-8850-c73e9c1e988e%22:%91%22background_color%22%93}\u00bb][et_pb_row column_structure=\u00bb1_2,1_2&#8243; use_custom_gutter=\u00bbon\u00bb gutter_width=\u00bb1&#8243; _builder_version=\u00bb4.27.0&#8243; _module_preset=\u00bbdefault\u00bb width=\u00bb100%\u00bb max_width=\u00bb100%\u00bb custom_margin=\u00bb0px||0px||true|false\u00bb custom_padding=\u00bb0px||0px||true|false\u00bb global_colors_info=\u00bb{}\u00bb][et_pb_column type=\u00bb1_2&#8243; _builder_version=\u00bb4.27.0&#8243; _module_preset=\u00bbdefault\u00bb background_color=\u00bb#151515&#8243; global_colors_info=\u00bb{}\u00bb][et_pb_image src=\u00bbhttps:\/\/www.estilodevida.com.do\/wp-content\/uploads\/2024\/09\/IMG_4309-2.jpg\u00bb title_text=\u00bbIMG_4309&#8243; _builder_version=\u00bb4.27.0&#8243; _module_preset=\u00bbdefault\u00bb global_colors_info=\u00bb{}\u00bb][\/et_pb_image][\/et_pb_column][et_pb_column type=\u00bb1_2&#8243; _builder_version=\u00bb4.27.0&#8243; _module_preset=\u00bbdefault\u00bb global_colors_info=\u00bb{}\u00bb][et_pb_text _builder_version=\u00bb4.27.3&#8243; _module_preset=\u00bbdefault\u00bb header_font=\u00bbPoppins|700||on|||||\u00bb header_text_color=\u00bb#FFFFFF\u00bb header_font_size=\u00bb28px\u00bb width=\u00bb70%\u00bb width_tablet=\u00bb70%\u00bb width_phone=\u00bb80%\u00bb width_last_edited=\u00bbon|phone\u00bb module_alignment=\u00bbcenter\u00bb custom_margin=\u00bb30%||||false|false\u00bb custom_margin_tablet=\u00bb30%||||false|false\u00bb custom_margin_phone=\u00bb10%||||false|false\u00bb custom_margin_last_edited=\u00bbon|phone\u00bb custom_padding=\u00bb||||false|false\u00bb custom_padding_tablet=\u00bb||||false|false\u00bb custom_padding_phone=\u00bb||||true|false\u00bb custom_padding_last_edited=\u00bbon|phone\u00bb global_colors_info=\u00bb{}\u00bb]<\/p>\n<h1 class=\"et_pb_module_heading et-fb-editable-element et-fb-editable-element__editing\" data-shortcode-id=\"1.1.0.1-1726602883044\" data-quickaccess-id=\"title\" contenteditable=\"true\">ELECTROESTIMULACI\u00d3N RSQ1<\/h1>\n<p>[\/et_pb_text][et_pb_text _builder_version=\u00bb4.27.3&#8243; _module_preset=\u00bbdefault\u00bb header_3_font=\u00bbPoppins|300|||||||\u00bb header_3_text_color=\u00bb#FFFFFF\u00bb header_3_font_size=\u00bb16px\u00bb header_3_line_height=\u00bb1.4em\u00bb width=\u00bb70%\u00bb width_tablet=\u00bb70%\u00bb width_phone=\u00bb80%\u00bb width_last_edited=\u00bbon|phone\u00bb module_alignment=\u00bbcenter\u00bb custom_margin=\u00bb2%||||false|false\u00bb custom_margin_tablet=\u00bb2%||||false|false\u00bb custom_margin_phone=\u00bb1%||1%||true|false\u00bb custom_margin_last_edited=\u00bbon|desktop\u00bb hover_enabled=\u00bb0&#8243; global_colors_info=\u00bb{}\u00bb sticky_enabled=\u00bb0&#8243;]<\/p>\n<h3 class=\"et_pb_module_heading et-fb-editable-element et-fb-editable-element__editing\" data-shortcode-id=\"1.1.0.1-1726602870013\" data-quickaccess-id=\"title\" contenteditable=\"true\"><span style=\"font-weight: 400;\">Siempre estaremos en deuda con el fisioterapeuta Jacek Bator por impartirnos sus inestimables conocimientos, que han enriquecido profundamente nuestra comprensi\u00f3n del cuerpo humano, especialmente en el \u00e1mbito del deporte. Gracias a su experiencia, sobre todo en la rehabilitaci\u00f3n de Petar y Jade tras sus lesiones de rodilla, hemos adquirido una visi\u00f3n m\u00e1s profunda de las metodolog\u00edas curativas y los m\u00e9todos de entrenamiento eficaces. <\/span><\/h3>\n<p>[\/et_pb_text][et_pb_text _builder_version=\u00bb4.27.3&#8243; _module_preset=\u00bbdefault\u00bb header_3_font=\u00bbPoppins|300|||||||\u00bb header_3_text_color=\u00bb#FFFFFF\u00bb header_3_font_size=\u00bb16px\u00bb header_3_line_height=\u00bb1.4em\u00bb width=\u00bb70%\u00bb width_tablet=\u00bb70%\u00bb width_phone=\u00bb80%\u00bb width_last_edited=\u00bbon|phone\u00bb module_alignment=\u00bbcenter\u00bb custom_margin=\u00bb2%||||false|false\u00bb custom_margin_tablet=\u00bb2%||||false|false\u00bb custom_margin_phone=\u00bb1%||1%||true|false\u00bb custom_margin_last_edited=\u00bbon|desktop\u00bb global_colors_info=\u00bb{}\u00bb]<a href=\"https:\/\/www.estilodevida.com.do\/es\/contacta-con-nosotros\/\" class=\"ov-btn-grow-skew-reverse\">CONT\u00c1CTANOS<\/a>[\/et_pb_text][\/et_pb_column][\/et_pb_row][\/et_pb_section][et_pb_section fb_built=\u00bb1&#8243; admin_label=\u00bbTestimonials\u00bb _builder_version=\u00bb4.25.2&#8243; _module_preset=\u00bbdefault\u00bb locked=\u00bboff\u00bb global_colors_info=\u00bb{}\u00bb][et_pb_row _builder_version=\u00bb4.25.2&#8243; _module_preset=\u00bbdefault\u00bb width=\u00bb100%\u00bb global_colors_info=\u00bb{}\u00bb][et_pb_column type=\u00bb4_4&#8243; _builder_version=\u00bb4.25.2&#8243; _module_preset=\u00bbdefault\u00bb global_colors_info=\u00bb{}\u00bb][et_pb_heading title=\u00bb\u00bfQU\u00c9 ES RSQ1?\u00bb _builder_version=\u00bb4.27.2&#8243; _module_preset=\u00bb31830067-6689-4147-8c2c-60bc14f3bb0f\u00bb title_font=\u00bbPoppins|700||on|||||\u00bb title_text_align=\u00bbcenter\u00bb title_text_color=\u00bb#000000&#8243; title_font_size=\u00bb50px\u00bb title_font_size_tablet=\u00bb49px\u00bb title_font_size_phone=\u00bb30px\u00bb title_font_size_last_edited=\u00bbon|phone\u00bb global_colors_info=\u00bb{}\u00bb][\/et_pb_heading][et_pb_slider _builder_version=\u00bb4.27.2&#8243; _module_preset=\u00bb4697f564-f5ab-4f3e-935e-e467ba6d81b6&#8243; header_font=\u00bbPoppins|300|||||||\u00bb header_text_color=\u00bbgcid-2352d280-fe84-43b1-a71e-f400c35a526a\u00bb header_font_size=\u00bb16px\u00bb body_text_color=\u00bb#FFFFFF\u00bb custom_padding=\u00bb40px||100px||false|false\u00bb global_colors_info=\u00bb{%22gcid-b70c6ec4-3d09-43b5-80df-154e6e990bf3%22:%91%22image_icon_background_color%22,%22image_icon_background_color%22,%22image_icon_background_color%22,%22image_icon_background_color%22,%22image_icon_background_color%22,%22image_icon_background_color%22,%22image_icon_background_color%22,%22image_icon_background_color%22,%22image_icon_background_color%22,%22image_icon_background_color%22,%22image_icon_background_color%22,%22image_icon_background_color%22,%22image_icon_background_color%22,%22image_icon_background_color%22,%22image_icon_background_color%22,%22image_icon_background_color%22,%22image_icon_background_color%22%93,%22gcid-2ebbc52c-9ee6-4712-a077-fcaec9b98540%22:%91%22body_link_text_color%22,%22body_quote_border_color%22,%22body_quote_text_color%22,%22link_text_color%22,%22quote_text_color%22,%22quote_border_color%22,%22body_link_text_color%22,%22body_quote_border_color%22,%22body_quote_text_color%22,%22link_text_color%22,%22quote_text_color%22,%22quote_border_color%22,%22body_link_text_color%22,%22body_quote_border_color%22,%22body_quote_text_color%22,%22link_text_color%22,%22quote_text_color%22,%22quote_border_color%22,%22body_link_text_color%22,%22body_quote_border_color%22,%22body_quote_text_color%22,%22link_text_color%22,%22quote_text_color%22,%22quote_border_color%22,%22body_link_text_color%22,%22body_quote_border_color%22,%22body_quote_text_color%22,%22link_text_color%22,%22quote_text_color%22,%22quote_border_color%22,%22body_link_text_color%22,%22body_quote_border_color%22,%22body_quote_text_color%22,%22link_text_color%22,%22quote_text_color%22,%22quote_border_color%22,%22body_link_text_color%22,%22body_quote_border_color%22,%22body_quote_text_color%22,%22link_text_color%22,%22quote_text_color%22,%22quote_border_color%22,%22body_link_text_color%22,%22body_quote_border_color%22,%22body_quote_text_color%22,%22link_text_color%22,%22quote_text_color%22,%22quote_border_color%22,%22body_link_text_color%22,%22body_quote_border_color%22,%22body_quote_text_color%22,%22link_text_color%22,%22quote_text_color%22,%22quote_border_color%22%93,%22gcid-2352d280-fe84-43b1-a71e-f400c35a526a%22:%91%22header_text_color%22%93}\u00bb text_font_size_tablet=\u00bb15px\u00bb text_font_size_phone=\u00bb14px\u00bb text_font_size_last_edited=\u00bbon|phone\u00bb][et_pb_slide heading=\u00bb\u00a1Experimenta un rendimiento m\u00e1ximo y una recuperaci\u00f3n acelerada con RSQ1! Desarrollado por fisioterapeutas expertos, RSQ1 utiliza tecnolog\u00eda de electro-estimulaci\u00f3n de vanguardia para optimizar las capacidades de tu cuerpo. En solo 15 minutos, los ejercicios de RSQ1 brindan resultados equivalentes a una sesi\u00f3n de entrenamiento muscular de dos horas. M\u00e9dicos y param\u00e9dicos certificados supervisan cada sesi\u00f3n de RSQ1, garantizando seguridad y efectividad. Esto es lo que RSQ1 puede hacer por ti:    \u00bb image=\u00bbhttps:\/\/www.estilodevida.com.do\/wp-content\/uploads\/2024\/10\/IMG_5541-1-1-scaled.jpg\u00bb _builder_version=\u00bb4.27.2&#8243; _module_preset=\u00bbdefault\u00bb header_text_color=\u00bb#000000&#8243; background_color=\u00bbRGBA(255,255,255,0)\u00bb background_enable_color=\u00bbon\u00bb global_colors_info=\u00bb{}\u00bb sticky_transition=\u00bbon\u00bb]<\/p>\n<p>John y Jane<\/p>\n<p>[\/et_pb_slide][et_pb_slide heading=\u00bbAumentar la fuerza y la hipertrofia-Mejorar las rutinas de calentamiento y enfriamiento-Acelerar la recuperaci\u00f3n post-ejercicio-Inducir la relajaci\u00f3n muscular para un alivio inmediato-Mantener y mejorar el rango de movimiento (ROM)-Acelerar la rehabilitaci\u00f3n despu\u00e9s de una cirug\u00eda de rodilla.       \u00bb image=\u00bbhttps:\/\/www.estilodevida.com.do\/wp-content\/uploads\/2024\/10\/suitcase-with-RSQ-1.jpg\u00bb _builder_version=\u00bb4.27.2&#8243; _module_preset=\u00bbdefault\u00bb header_text_color=\u00bb#000000&#8243; background_color=\u00bbRGBA(255,255,255,0)\u00bb background_enable_color=\u00bbon\u00bb global_colors_info=\u00bb{}\u00bb sticky_transition=\u00bbon\u00bb][\/et_pb_slide][\/et_pb_slider][\/et_pb_column][\/et_pb_row][\/et_pb_section][et_pb_section fb_built=\u00bb1&#8243; _builder_version=\u00bb4.27.0&#8243; _module_preset=\u00bbdefault\u00bb background_color=\u00bb#0a0a0a\u00bb border_radii=\u00bbon|1px|1px|1px|1px\u00bb border_color_all=\u00bb#424242&#8243; border_width_top=\u00bb2px\u00bb border_width_bottom=\u00bb2px\u00bb global_module=\u00bb1951&#8243; saved_tabs=\u00bball\u00bb collapsed=\u00bbon\u00bb global_colors_info=\u00bb{}\u00bb][et_pb_row column_structure=\u00bb1_3,1_3,1_3&#8243; _builder_version=\u00bb4.27.0&#8243; _module_preset=\u00bbdefault\u00bb global_colors_info=\u00bb{}\u00bb][et_pb_column type=\u00bb1_3&#8243; _builder_version=\u00bb4.27.0&#8243; _module_preset=\u00bbdefault\u00bb global_colors_info=\u00bb{}\u00bb][et_pb_icon font_icon=\u00bb&#xe0d9;||divi||400&#8243; icon_width=\u00bb57px\u00bb _builder_version=\u00bb4.27.0&#8243; _module_preset=\u00bbdefault\u00bb global_colors_info=\u00bb{}\u00bb][\/et_pb_icon][et_pb_text _builder_version=\u00bb4.27.0&#8243; _module_preset=\u00bbdefault\u00bb global_colors_info=\u00bb{}\u00bb]<\/p>\n<p style=\"text-align: center;\"><span style=\"color: #ffffff;\"><strong>ESCUELA AUTORIZADA<\/strong><\/span><\/p>\n<p>[\/et_pb_text][\/et_pb_column][et_pb_column type=\u00bb1_3&#8243; _builder_version=\u00bb4.27.0&#8243; _module_preset=\u00bbdefault\u00bb global_colors_info=\u00bb{}\u00bb][et_pb_icon font_icon=\u00bb&#xf1f4;||fa||400&#8243; icon_width=\u00bb60px\u00bb _builder_version=\u00bb4.27.0&#8243; _module_preset=\u00bbdefault\u00bb global_colors_info=\u00bb{}\u00bb][\/et_pb_icon][et_pb_text _builder_version=\u00bb4.27.0&#8243; _module_preset=\u00bbdefault\u00bb global_colors_info=\u00bb{}\u00bb]<\/p>\n<p style=\"text-align: center;\"><span style=\"color: #ffffff;\"><strong>ACEPTAMOS<\/strong><\/span><\/p>\n<p>[\/et_pb_text][\/et_pb_column][et_pb_column type=\u00bb1_3&#8243; _builder_version=\u00bb4.27.0&#8243; _module_preset=\u00bbdefault\u00bb global_colors_info=\u00bb{}\u00bb][et_pb_icon font_icon=\u00bb&#xf57d;||fa||900&#8243; icon_width=\u00bb60px\u00bb _builder_version=\u00bb4.27.0&#8243; _module_preset=\u00bbdefault\u00bb global_colors_info=\u00bb{}\u00bb][\/et_pb_icon][et_pb_text _builder_version=\u00bb4.27.0&#8243; _module_preset=\u00bbdefault\u00bb global_colors_info=\u00bb{}\u00bb]<\/p>\n<p style=\"text-align: center;\"><span style=\"color: #ffffff;\"><strong>HABLAMOS 5 IDIOMAS<\/strong><\/span><\/p>\n<p>[\/et_pb_text][\/et_pb_column][\/et_pb_row][\/et_pb_section]<\/p>\n","protected":false},"excerpt":{"rendered":"<p>recuperateELECTROESTIMULACI\u00d3N RSQ1Siempre estaremos en deuda con el fisioterapeuta Jacek Bator por impartirnos sus inestimables conocimientos, que han enriquecido profundamente nuestra comprensi\u00f3n del cuerpo humano, especialmente en el \u00e1mbito del deporte. Gracias a su experiencia, sobre todo en la rehabilitaci\u00f3n de Petar y Jade tras sus lesiones de rodilla, hemos adquirido una visi\u00f3n m\u00e1s profunda de [&hellip;]<\/p>\n","protected":false},"author":5,"featured_media":0,"parent":0,"menu_order":0,"comment_status":"closed","ping_status":"closed","template":"","meta":{"_et_pb_use_builder":"on","_et_pb_old_content":"","_et_gb_content_width":"","footnotes":""},"class_list":["post-2253","page","type-page","status-publish","hentry"],"_links":{"self":[{"href":"https:\/\/www.estilodevida.com.do\/es\/wp-json\/wp\/v2\/pages\/2253","targetHints":{"allow":["GET"]}}],"collection":[{"href":"https:\/\/www.estilodevida.com.do\/es\/wp-json\/wp\/v2\/pages"}],"about":[{"href":"https:\/\/www.estilodevida.com.do\/es\/wp-json\/wp\/v2\/types\/page"}],"author":[{"embeddable":true,"href":"https:\/\/www.estilodevida.com.do\/es\/wp-json\/wp\/v2\/users\/5"}],"replies":[{"embeddable":true,"href":"https:\/\/www.estilodevida.com.do\/es\/wp-json\/wp\/v2\/comments?post=2253"}],"version-history":[{"count":0,"href":"https:\/\/www.estilodevida.com.do\/es\/wp-json\/wp\/v2\/pages\/2253\/revisions"}],"wp:attachment":[{"href":"https:\/\/www.estilodevida.com.do\/es\/wp-json\/wp\/v2\/media?parent=2253"}],"curies":[{"name":"wp","href":"https:\/\/api.w.org\/{rel}","templated":true}]}}