{"id":2399,"date":"2024-09-27T16:00:39","date_gmt":"2024-09-27T16:00:39","guid":{"rendered":"https:\/\/estilodevida.cloudnine.com.do\/reserva\/"},"modified":"2025-06-20T13:11:38","modified_gmt":"2025-06-20T13:11:38","slug":"lista-de-precios","status":"publish","type":"page","link":"https:\/\/www.estilodevida.com.do\/es\/lista-de-precios\/","title":{"rendered":"Lista de precios"},"content":{"rendered":"<p>[et_pb_section fb_built=\u00bb1&#8243; _builder_version=\u00bb4.27.4&#8243; _module_preset=\u00bbdefault\u00bb background_color=\u00bb#0a0a0a\u00bb use_background_color_gradient=\u00bbon\u00bb background_color_gradient_stops=\u00bbrgba(43,135,218,0) 0%|rgba(10,10,10,0) 25%|#0a0a0a 79%|#0a0a0a 100%\u00bb background_color_gradient_overlays_image=\u00bbon\u00bb background_enable_image=\u00bboff\u00bb background_position=\u00bbtop_center\u00bb background_vertical_offset=\u00bb37%\u00bb background_last_edited=\u00bboff|phone\u00bb global_colors_info=\u00bb{}\u00bb][et_pb_row _builder_version=\u00bb4.25.1&#8243; _module_preset=\u00bbdefault\u00bb locked=\u00bboff\u00bb global_colors_info=\u00bb{}\u00bb][et_pb_column type=\u00bb4_4&#8243; _builder_version=\u00bb4.25.1&#8243; _module_preset=\u00bbdefault\u00bb global_colors_info=\u00bb{}\u00bb][et_pb_heading title=\u00bbLISTA DE PRECIOS\u00bb _builder_version=\u00bb4.27.0&#8243; _module_preset=\u00bb5a201787-8ce0-4587-a74f-6d381cae950e\u00bb title_font=\u00bbPoppins|700|||||||\u00bb title_text_align=\u00bbcenter\u00bb title_text_color=\u00bb#FFFFFF\u00bb title_font_size=\u00bb70px\u00bb custom_margin=\u00bb||10px||false|false\u00bb animation_style=\u00bbzoom\u00bb title_font_size_tablet=\u00bb50px\u00bb title_font_size_phone=\u00bb50px\u00bb title_font_size_last_edited=\u00bbon|phone\u00bb title_text_shadow_style=\u00bbpreset1&#8243; global_colors_info=\u00bb{}\u00bb][\/et_pb_heading][\/et_pb_column][\/et_pb_row][et_pb_row _builder_version=\u00bb4.27.4&#8243; _module_preset=\u00bbdefault\u00bb width=\u00bb100%\u00bb custom_padding=\u00bb|||4px||\u00bb global_colors_info=\u00bb{}\u00bb][et_pb_column type=\u00bb4_4&#8243; admin_label=\u00bbColumn\u00bb _builder_version=\u00bb4.27.4&#8243; _module_preset=\u00bbdefault\u00bb background_color=\u00bb#0a0a0a\u00bb custom_padding=\u00bb50px|50px|50px|50px|false|false\u00bb custom_padding_tablet=\u00bb50px|50px|50px|50px|false|false\u00bb custom_padding_phone=\u00bb|20px||20px|false|false\u00bb custom_padding_last_edited=\u00bbon|phone\u00bb global_colors_info=\u00bb{}\u00bb][et_pb_heading title=\u00bbPRECIOS DE KITESURF\u00bb _builder_version=\u00bb4.27.4&#8243; _module_preset=\u00bbdefault\u00bb title_level=\u00bbh2&#8243; title_font=\u00bbPoppins|700||on|||||\u00bb title_text_color=\u00bb#ffffff\u00bb border_width_bottom=\u00bb2px\u00bb border_color_bottom=\u00bb#ffffff\u00bb global_colors_info=\u00bb{}\u00bb][\/et_pb_heading][et_pb_heading title=\u00bbPRECIOS DE LAS CLASES (incluyen equipo nuevo, completo y seguro)\u00bb _builder_version=\u00bb4.27.4&#8243; _module_preset=\u00bbdefault\u00bb title_level=\u00bbh3&#8243; title_font=\u00bbPoppins||||||||\u00bb title_text_color=\u00bb#ffffff\u00bb global_colors_info=\u00bb{}\u00bb][\/et_pb_heading][et_pb_text _builder_version=\u00bb4.27.4&#8243; _module_preset=\u00bbdefault\u00bb text_text_color=\u00bb#ffffff\u00bb custom_margin=\u00bb-25px||||false|false\u00bb global_colors_info=\u00bb{}\u00bb]<\/p>\n<p><strong>CLASE PRIVADA:<\/strong> (1 estudiante &#8211; 1 cometa &#8211; 1 instructor)<br \/><span style=\"font-size: 16px; font-weight: bold;\">75 $USD<\/span>\/ Hora con Instructor IKO &#8211; (Espa\u00f1ol\/ Franc\u00e9s \/ Ingl\u00e9s)<br \/><span style=\"font-size: 16px; font-weight: bold;\">85 $USD<\/span>\/ Hora con el Instructor Principal Petar Pavlovic &#8211; (Ingl\u00e9s \/ Espa\u00f1ol \/ Italiano \/ Croata)<\/p>\n<p><strong>CLASES EN GRUPO SOLO PARA PRINCIPIANTES:<\/strong> (2 a 4 alumnos &#8211; 1 cometa &#8211; 1 instructor)<br \/><span style=\"font-size: 16px; font-weight: bold;\">45 $USD<\/span>\/ Hora\/ Persona con nuestro Instructor IKO &#8211; (Espa\u00f1ol \/ Franc\u00e9s \/ Ingl\u00e9s)<br \/><span style=\"font-size: 16px; font-weight: bold;\">50 $USD<\/span>\/ Hora\/ Persona con el Instructor Jefe Petar Pavlovic &#8211; (Ingl\u00e9s \/ Espa\u00f1ol \/ Italiano \/ Croata)<\/p>\n<p><strong>SUPERVISI\u00d3N:<\/strong> (El nivel debe ser determinado previamente por el Instructor Jefe).<br \/><span style=\"font-size: 16px; font-weight: bold;\">65 $USD\/<\/span> Hora con nuestros asistentes &#8211; (Espa\u00f1ol\/ Franc\u00e9s \/ Ingl\u00e9s\/ Italiano\/ Croata)<\/p>\n<p><strong>PACK 8H &#8211; CLASE PRIVADA<\/strong><br \/><span style=\"font-size: 16px; font-weight: bold;\">70 $USD\/<\/span> Hora con nuestro Instructor IKO &#8211; (Espa\u00f1ol\/ Franc\u00e9s \/ Ingl\u00e9s)<\/p>\n<p>[\/et_pb_text][et_pb_heading title=\u00bbCOACHING (Coaching privado con dispositivo BB Talkin )\u00bb _builder_version=\u00bb4.27.4&#8243; _module_preset=\u00bbdefault\u00bb title_level=\u00bbh3&#8243; title_font=\u00bbPoppins||||||||\u00bb title_text_color=\u00bb#ffffff\u00bb global_colors_info=\u00bb{}\u00bb][\/et_pb_heading][et_pb_text _builder_version=\u00bb4.27.4&#8243; _module_preset=\u00bbdefault\u00bb text_text_color=\u00bb#ffffff\u00bb custom_margin=\u00bb-25px||||false|false\u00bb global_colors_info=\u00bb{}\u00bb]<span style=\"font-size: 16px; font-weight: bold;\">160 $USD<\/span> &#8211; 1H30 (1 estudiante &#8211; 1 Coach) con el Instructor Principal Petar Pavlovic &#8211; (Ingl\u00e9s \/ Italiano \/ Croata)<\/p>\n<p>Petar es un instructor de nivel 3 de IKO y fue un Instructor Entrenador de IKO, lo que significa que ense\u00f1aba a los instructores c\u00f3mo ense\u00f1ar kitesurf. Un campe\u00f3n de estilo libre y prodigio de los saltos grandes, Petar te ense\u00f1ar\u00e1 nuevos movimientos, toeside, saltos, o incluso te ayudar\u00e1 a corregir malos h\u00e1bitos. Disfruta de una verdadera sesi\u00f3n de kitesurf uno a uno con tu entrenador.[\/et_pb_text][et_pb_heading title=\u00bbALQUILER DE EQUIPO DE KITESURF\u00bb _builder_version=\u00bb4.27.4&#8243; _module_preset=\u00bbdefault\u00bb title_level=\u00bbh3&#8243; title_font=\u00bbPoppins||||||||\u00bb title_text_color=\u00bb#ffffff\u00bb global_colors_info=\u00bb{}\u00bb][\/et_pb_heading][et_pb_text _builder_version=\u00bb4.27.4&#8243; _module_preset=\u00bbdefault\u00bb text_text_color=\u00bb#ffffff\u00bb custom_margin=\u00bb-25px||||false|false\u00bb global_colors_info=\u00bb{}\u00bb]<\/p>\n<p><strong>Equipo totalmente nuevo North Kiteboarding a partir de 2024<br \/><\/strong>Cometas North Reach, Orbit y Code Zero 2024 y 2025 de 5m a 17m<br \/>Barras North Navigator 2024 &#8211; 50-55cm o 45-50cm<br \/>Tablas North Prime, Atmos y Trace 133cm, 136cm, 138cm, 144cm, 148cm, 155cm<br \/>Arn\u00e9s Mystic XXS, XS, S, M, L, XL<\/p>\n<p><strong>REQUISITOS DE ALQUILER<\/strong><\/p>\n<p><strong>TU EXPERENCIA EN KITESURF DEBE INCLUIR:<\/strong><\/p>\n<p>Haber estado ya:<br \/>&#8211; Kitesurf en 2 spots diferentes<br \/>&#8211; Kitesurf en aguas profundas<br \/>&#8211; Kitesurf en un spot picado<strong><br \/><\/strong><strong><\/strong><\/p>\n<p>Para saber:<br \/>&#8211; Normas de derecho de paso<br \/>&#8211; Proceso de autorescate<br \/>&#8211; Proceso de autorescate<br \/>&#8211; Montar de puntillas<\/p>\n<p>Si te falta experiencia en alguna de las \u00e1reas mencionadas pero crees que tu nivel de navegaci\u00f3n es suficiente para garantizar la seguridad para ti y para los dem\u00e1s, puedes optar por una clase privada de 1 hora con nuestros instructores <span style=\"font-size: 16px; font-weight: bold;\">(Costo: $75\/H)<\/span>. Si, despu\u00e9s de 1 hora de instrucci\u00f3n, el instructor determina que est\u00e1s listo para navegar de forma independiente, ser\u00e1s elegible para alquilar nuestro equipo de kitesurf. Si tu nivel a\u00fan no cumple con los criterios para navegar de forma independiente y decides no tomar clases, pero puedes navegar contra el viento y realizar transiciones, a\u00fan puedes alquilar equipo con \u00abSupervisi\u00f3n\u00bb supervisada por nuestros asistentes <span style=\"font-size: 16px; font-weight: bold;\">(Costo: $65\/H)<\/span>.  <\/p>\n<p>Un contrato de alquiler es v\u00e1lido solo para la persona a quien se le emite. Los contratos no son transferibles a otras personas. El alquiler comienza tan pronto como el equipo sale de la escuela y termina cuando el equipo se ha devuelto en su totalidad. El per\u00edodo de alquiler corre independientemente de si se utiliza el equipo o no. Todo el equipo alquilado se cobrar\u00e1 una vez que salga de nuestras instalaciones.    <\/p>\n<p>Ten en cuenta que el equipo no est\u00e1 asegurado contra p\u00e9rdida o da\u00f1o.<\/p>\n<p> <strong> NUESTROS EQUIPOS (<\/strong><strong>Equipamiento Norte a partir de 2024-2025)<\/strong><\/p>\n<p><strong>ALQUILER DE EQUIPO COMPLETO (COMETA, BARRA, TABLA, ARN\u00c9S).<br \/><\/strong><span style=\"font-size: 16px; font-weight: bold;\">55 $USD\/<\/span> Hora<br \/>1 D\u00cdA \/ <span style=\"font-size: 16px; font-weight: bold;\">85 $USD<\/span><br \/>2 D\u00cdAS \/ <span style=\"font-size: 16px; font-weight: bold;\">165 $USD<\/span><br \/>3 D\u00cdAS \/ <span style=\"font-size: 16px; font-weight: bold;\">240 $USD<\/span><br \/>Despu\u00e9s de 3 d\u00edas, cada d\u00eda adicional cuesta <span style=\"font-size: 16px; font-weight: bold;\"> 70 $USD<\/span>.<\/p>\n<p><strong>SOLO COMETA + BARRA<\/strong><br \/>(Cometas North Reach, Orbit y Code Zero 2024-2025 de 5m a 17m)<br \/>(Barras North Navigator2024, talla 50-55cm o 45-50cm)<br \/>1 d\u00eda &#8211; <span style=\"font-size: 16px; font-weight: bold;\">70<\/span> <span style=\"font-size: 16px; font-weight: bold;\">$USD<\/span><br \/>2 d\u00edas &#8211;<span style=\"font-size: 16px; font-weight: bold;\"> 135 $USD<\/span><br \/>Cada d\u00eda extra son 60$ USD<\/p>\n<p><strong>TABLERO<\/strong><br \/>North Prime, Atmos, Trace<br \/>(Tallas &#8211; 133cm, 136cm, 138cm, 144cm, 148cm, 155cm)<br \/>1h &#8211; <span style=\"font-size: 16px; font-weight: bold;\">25 $USD<\/span><br \/>1 d\u00eda &#8211; <span style=\"font-size: 16px; font-weight: bold;\">35 $USD<\/span><\/p>\n<p><strong>CASCO<\/strong><br \/>(Cascos Mystic + Mystic disponibles)<br \/>(Tallas -XXS, XS, S, M, L, XL)<br \/>1h &#8211;<span style=\"font-size: 16px; font-weight: bold;\"> 15 $USD<\/span><br \/>1 d\u00eda &#8211; <span style=\"font-size: 16px; font-weight: bold;\">20 $USD<\/span><\/p>\n<p>[\/et_pb_text][et_pb_heading title=\u00bbPRECIOS DE WING-FOIL\u00bb _builder_version=\u00bb4.27.4&#8243; _module_preset=\u00bbdefault\u00bb title_level=\u00bbh2&#8243; title_font=\u00bbPoppins|700||on|||||\u00bb title_text_color=\u00bb#ffffff\u00bb custom_padding=\u00bb25px||||false|false\u00bb border_width_bottom=\u00bb2px\u00bb border_color_bottom=\u00bb#ffffff\u00bb global_colors_info=\u00bb{}\u00bb][\/et_pb_heading][et_pb_heading title=\u00bbPRECIOS DE LAS LECCIONES \u00bb _builder_version=\u00bb4.27.4&#8243; _module_preset=\u00bbdefault\u00bb title_level=\u00bbh3&#8243; title_font=\u00bbPoppins||||||||\u00bb title_text_color=\u00bb#ffffff\u00bb global_colors_info=\u00bb{}\u00bb][\/et_pb_heading][et_pb_text _builder_version=\u00bb4.27.4&#8243; _module_preset=\u00bbdefault\u00bb text_text_color=\u00bb#ffffff\u00bb custom_margin=\u00bb-25px||||false|false\u00bb custom_padding=\u00bb||1px|||\u00bb global_colors_info=\u00bb{}\u00bb]<\/p>\n<p><strong>Equipo incluido en el precio:<\/strong><br \/>Ala de 2,9 \/ 4 \/ 5 \/ 6 metros<br \/>Tabla de SUP\/Foil<br \/>Ayuda a la flotabilidad (Chaleco salvavidas)<br \/>Casco<\/p>\n<p><strong>CLASE PRIVADA:<\/strong><br \/><span style=\"font-size: 16px; font-weight: bold;\">75 $USD\/<\/span> Hora con Instructor &#8211; (Espa\u00f1ol\/ Franc\u00e9s \/ Ingl\u00e9s)<\/p>\n<p><strong>CLASE EN GRUPO SOLO PRINCIPIANTES:<\/strong> (2 alumnos &#8211; 2 alas &#8211; 1 instructor)<br \/><span style=\"font-size: 16px; font-weight: bold;\">70 $USD\/<\/span> Hora\/ Persona con instructor &#8211; (Espa\u00f1ol\/ Franc\u00e9s \/ Ingl\u00e9s)<\/p>\n<p>[\/et_pb_text][et_pb_heading title=\u00bbALQUILER DE EQUIPO DE WING-FOIL\u00bb _builder_version=\u00bb4.27.4&#8243; _module_preset=\u00bbdefault\u00bb title_level=\u00bbh3&#8243; title_font=\u00bbPoppins||||||||\u00bb title_text_color=\u00bb#ffffff\u00bb global_colors_info=\u00bb{}\u00bb][\/et_pb_heading][et_pb_text _builder_version=\u00bb4.27.4&#8243; _module_preset=\u00bbdefault\u00bb text_text_color=\u00bb#ffffff\u00bb custom_margin=\u00bb-25px||||false|false\u00bb global_colors_info=\u00bb{}\u00bb]<\/p>\n<p><strong>Equipo incluido en el precio:<\/strong><br \/>Vela de 2.9 \/ 4 \/ 5 \/ 6 metros<br \/>Tabla de SUP\/Foil <br \/>Ayuda de flotabilidad (chaleco salvavidas) <br \/>Casco con radio<br \/><span style=\"font-size: 16px; font-weight: bold;\">65 $USD<\/span>\/ hora<\/p>\n<p>[\/et_pb_text][et_pb_heading title=\u00bbPRECIOS DE E-FOIL \u00bb admin_label=\u00bbHeading\u00bb _builder_version=\u00bb4.27.4&#8243; _module_preset=\u00bbdefault\u00bb title_level=\u00bbh2&#8243; title_font=\u00bbPoppins|700||on|||||\u00bb title_text_color=\u00bb#ffffff\u00bb custom_padding=\u00bb25px||||false|false\u00bb border_width_bottom=\u00bb2px\u00bb border_color_bottom=\u00bb#ffffff\u00bb global_colors_info=\u00bb{}\u00bb][\/et_pb_heading][et_pb_heading title=\u00bbPRECIOS DE LAS LECCIONES \u00bb _builder_version=\u00bb4.27.4&#8243; _module_preset=\u00bbdefault\u00bb title_level=\u00bbh3&#8243; title_font=\u00bbPoppins||||||||\u00bb title_text_color=\u00bb#ffffff\u00bb global_colors_info=\u00bb{}\u00bb][\/et_pb_heading][et_pb_text _builder_version=\u00bb4.27.4&#8243; _module_preset=\u00bbdefault\u00bb text_text_color=\u00bb#ffffff\u00bb custom_margin=\u00bb-25px||||false|false\u00bb custom_padding=\u00bb||1px|||\u00bb global_colors_info=\u00bb{}\u00bb]<strong>Equipo nuevo de WAYDOO Mystic Board<\/strong><\/p>\n<p><strong>LECCIONES PRIVADAS:<\/strong><br \/>\n<span style=\"font-size: 16px; font-weight: bold;\">100 $USD<\/span> \/ 30min con instructor<br \/>\n<span style=\"font-size: 16px; font-weight: bold;\">150 $USD<\/span>\/ hora con instructor[\/et_pb_text][et_pb_heading title=\u00bbPRECIOS DE SURF \u00bb admin_label=\u00bbHeading\u00bb _builder_version=\u00bb4.27.4&#8243; _module_preset=\u00bbdefault\u00bb title_level=\u00bbh2&#8243; title_font=\u00bbPoppins|700||on|||||\u00bb title_text_color=\u00bb#ffffff\u00bb custom_padding=\u00bb25px||||false|false\u00bb border_width_bottom=\u00bb2px\u00bb border_color_bottom=\u00bb#ffffff\u00bb global_colors_info=\u00bb{}\u00bb][\/et_pb_heading][et_pb_heading title=\u00bbPRECIOS DE LAS LECCIONES \u00bb admin_label=\u00bbHeading\u00bb _builder_version=\u00bb4.27.4&#8243; _module_preset=\u00bbdefault\u00bb title_level=\u00bbh3&#8243; title_font=\u00bbPoppins||||||||\u00bb title_text_color=\u00bb#ffffff\u00bb global_colors_info=\u00bb{}\u00bb][\/et_pb_heading][et_pb_text _builder_version=\u00bb4.27.4&#8243; _module_preset=\u00bbdefault\u00bb text_text_color=\u00bb#ffffff\u00bb custom_margin=\u00bb-25px||||false|false\u00bb custom_padding=\u00bb||1px|||\u00bb global_colors_info=\u00bb{}\u00bb]<strong>LECCI\u00d3N PRIVADA<\/strong><br \/>\n<span style=\"font-size: 16px; font-weight: bold;\">65 $USD<\/span>\/ Hora<\/p>\n<p><strong>GRUPO DE 2 PERSONAS<\/strong><br \/>\n<span style=\"font-size: 16px; font-weight: bold;\">55 $USD<\/span>\/ Hora\/ Persona<\/p>\n<p><strong>GRUPO DE 3 PERSONAS<\/strong><br \/>\n<span style=\"font-size: 16px; font-weight: bold;\">45 $USD<\/span>\/ Hora\/ Persona[\/et_pb_text][et_pb_heading title=\u00bbALQUILER DE EQUIPO DE SURF\u00bb admin_label=\u00bbHeading\u00bb _builder_version=\u00bb4.27.4&#8243; _module_preset=\u00bbdefault\u00bb title_level=\u00bbh3&#8243; title_font=\u00bbPoppins||||||||\u00bb title_text_color=\u00bb#ffffff\u00bb global_colors_info=\u00bb{}\u00bb][\/et_pb_heading][et_pb_text _builder_version=\u00bb4.27.4&#8243; _module_preset=\u00bbdefault\u00bb text_text_color=\u00bb#ffffff\u00bb custom_margin=\u00bb-25px||||false|false\u00bb custom_padding=\u00bb||1px|||\u00bb global_colors_info=\u00bb{}\u00bb]<span style=\"font-size: 16px; font-weight: bold;\">35 $USD<\/span>\/ Hora<br \/>\nConsultar precio especial para m\u00e1s d\u00edas[\/et_pb_text][et_pb_heading title=\u00bbPol\u00edtica de cancelaci\u00f3n\u00bb admin_label=\u00bbHeading\u00bb _builder_version=\u00bb4.27.4&#8243; _module_preset=\u00bbdefault\u00bb title_level=\u00bbh2&#8243; title_font=\u00bbPoppins|700||on|||||\u00bb title_text_color=\u00bb#ffffff\u00bb custom_padding=\u00bb25px||||false|false\u00bb border_width_bottom=\u00bb2px\u00bb border_color_bottom=\u00bb#ffffff\u00bb global_colors_info=\u00bb{}\u00bb][\/et_pb_heading][et_pb_text _builder_version=\u00bb4.27.4&#8243; _module_preset=\u00bbdefault\u00bb text_text_color=\u00bb#ffffff\u00bb custom_margin=\u00bb||||false|false\u00bb custom_padding=\u00bb||1px|||\u00bb global_colors_info=\u00bb{}\u00bb]<\/p>\n<p>\u2022 <strong>Cancelaciones por Condiciones Clim\u00e1ticas:<\/strong> Si el clima impide que la lecci\u00f3n se realice, se reembolsar\u00e1 la cantidad total o restante.<br \/>\u2022 <strong>Cancelaciones Personales:<\/strong> Si cancelas, no ofrecemos reembolsos, pero te proporcionaremos un vale que puedes usar en cualquier momento sin fecha de vencimiento cuando vuelvas a visitarnos, o darlo a quien elijas.<\/p>\n<p>[\/et_pb_text][\/et_pb_column][\/et_pb_row][\/et_pb_section]<\/p>\n","protected":false},"excerpt":{"rendered":"<p>CLASE PRIVADA: (1 estudiante &#8211; 1 cometa &#8211; 1 instructor)75 $USD\/ Hora con Instructor IKO &#8211; (Espa\u00f1ol\/ Franc\u00e9s \/ Ingl\u00e9s)85 $USD\/ Hora con el Instructor Principal Petar Pavlovic &#8211; (Ingl\u00e9s \/ Espa\u00f1ol \/ Italiano \/ Croata) CLASES EN GRUPO SOLO PARA PRINCIPIANTES: (2 a 4 alumnos &#8211; 1 cometa &#8211; 1 instructor)45 $USD\/ Hora\/ Persona [&hellip;]<\/p>\n","protected":false},"author":5,"featured_media":0,"parent":0,"menu_order":0,"comment_status":"closed","ping_status":"closed","template":"","meta":{"_et_pb_use_builder":"on","_et_pb_old_content":"","_et_gb_content_width":"","footnotes":""},"class_list":["post-2399","page","type-page","status-publish","hentry"],"_links":{"self":[{"href":"https:\/\/www.estilodevida.com.do\/es\/wp-json\/wp\/v2\/pages\/2399","targetHints":{"allow":["GET"]}}],"collection":[{"href":"https:\/\/www.estilodevida.com.do\/es\/wp-json\/wp\/v2\/pages"}],"about":[{"href":"https:\/\/www.estilodevida.com.do\/es\/wp-json\/wp\/v2\/types\/page"}],"author":[{"embeddable":true,"href":"https:\/\/www.estilodevida.com.do\/es\/wp-json\/wp\/v2\/users\/5"}],"replies":[{"embeddable":true,"href":"https:\/\/www.estilodevida.com.do\/es\/wp-json\/wp\/v2\/comments?post=2399"}],"version-history":[{"count":0,"href":"https:\/\/www.estilodevida.com.do\/es\/wp-json\/wp\/v2\/pages\/2399\/revisions"}],"wp:attachment":[{"href":"https:\/\/www.estilodevida.com.do\/es\/wp-json\/wp\/v2\/media?parent=2399"}],"curies":[{"name":"wp","href":"https:\/\/api.w.org\/{rel}","templated":true}]}}