{"id":3910,"date":"2024-10-18T14:46:46","date_gmt":"2024-10-18T14:46:46","guid":{"rendered":"https:\/\/www.estilodevida.com.do\/product\/camiseta-oversize-destenida\/"},"modified":"2024-10-18T19:41:46","modified_gmt":"2024-10-18T19:41:46","slug":"camiseta-oversize-destenida","status":"publish","type":"product","link":"https:\/\/www.estilodevida.com.do\/es\/producto\/camiseta-oversize-destenida\/","title":{"rendered":"Camiseta oversize deste\u00f1ida"},"content":{"rendered":"<p>Abraza la versatilidad de la camiseta Oversized faded, dise\u00f1ada para quienes aprecian el arte de las capas y la creaci\u00f3n de conjuntos \u00fanicos que fusionan sin esfuerzo las tendencias modernas con un toque de nostalgia. Su corte holgado te permite jugar con texturas y proporciones, d\u00e1ndote la libertad de expresar tu personalidad a trav\u00e9s de tu estilo.<\/p>\n<p> &#8211; 100% algod\u00f3n cardado<br \/> &#8211; Peso del tejido: 7,1 oz. \/yd. \u00b2 (240 g\/m\u00b2)<br \/> &#8211; Tejido te\u00f1ido en prenda, preencogido<br \/> &#8211; Corte cuadrado y extragrande<br \/> &#8211; Hombros ca\u00eddos<br \/> &#8211; Cuello ancho de canal\u00e9<br \/> &#8211; Etiqueta desprendible<br \/> &#8211; Producto en blanco procedente de China<\/p>\n<p> Este producto se fabrica especialmente para ti en cuanto haces un pedido, por eso tardamos un poco m\u00e1s en entreg\u00e1rtelo. Fabricar productos bajo pedido en lugar de a granel ayuda a reducir la sobreproducci\u00f3n, as\u00ed que \u00a1gracias por tomar decisiones de compra meditadas!    <\/p>\n","protected":false},"excerpt":{"rendered":"<p>Abraza la versatilidad de la camiseta Oversized faded, dise\u00f1ada para quienes aprecian el arte de las capas y la creaci\u00f3n de conjuntos \u00fanicos que fusionan sin esfuerzo las tendencias modernas con un toque de nostalgia. Su corte holgado te permite jugar con texturas y proporciones, d\u00e1ndote la libertad de expresar tu personalidad a trav\u00e9s de [&hellip;]<\/p>\n","protected":false},"featured_media":3606,"comment_status":"open","ping_status":"closed","template":"","meta":{"_et_pb_use_builder":"on","_et_pb_old_content":"Abraza la versatilidad de la camiseta Oversized faded, dise\u00f1ada para quienes aprecian el arte de las capas y la creaci\u00f3n de conjuntos \u00fanicos que fusionan sin esfuerzo las tendencias modernas con un toque de nostalgia. Su corte holgado te permite jugar con texturas y proporciones, d\u00e1ndote la libertad de expresar tu personalidad a trav\u00e9s de tu estilo.<br><br> - 100% algod\u00f3n cardado<br> - Peso del tejido: 7,1 oz. \/yd. \u00b2 (240 g\/m\u00b2)<br> - Tejido te\u00f1ido en prenda, preencogido<br> - Corte cuadrado y extragrande<br> - Hombros ca\u00eddos<br> - Cuello ancho de canal\u00e9<br> - Etiqueta desprendible<br> - Producto en blanco procedente de China<br><br> Este producto se fabrica especialmente para ti en cuanto haces un pedido, por eso tardamos un poco m\u00e1s en entreg\u00e1rtelo. Fabricar productos bajo pedido en lugar de a granel ayuda a reducir la sobreproducci\u00f3n, as\u00ed que \u00a1gracias por tomar decisiones de compra meditadas!    ","_et_gb_content_width":""},"product_brand":[],"product_cat":[131],"product_tag":[],"class_list":{"0":"post-3910","1":"product","2":"type-product","3":"status-publish","4":"has-post-thumbnail","6":"product_cat-camiseta","8":"first","9":"instock","10":"shipping-taxable","11":"purchasable","12":"product-type-variable"},"_links":{"self":[{"href":"https:\/\/www.estilodevida.com.do\/es\/wp-json\/wp\/v2\/product\/3910","targetHints":{"allow":["GET"]}}],"collection":[{"href":"https:\/\/www.estilodevida.com.do\/es\/wp-json\/wp\/v2\/product"}],"about":[{"href":"https:\/\/www.estilodevida.com.do\/es\/wp-json\/wp\/v2\/types\/product"}],"replies":[{"embeddable":true,"href":"https:\/\/www.estilodevida.com.do\/es\/wp-json\/wp\/v2\/comments?post=3910"}],"wp:featuredmedia":[{"embeddable":true,"href":"https:\/\/www.estilodevida.com.do\/es\/wp-json\/wp\/v2\/media\/3606"}],"wp:attachment":[{"href":"https:\/\/www.estilodevida.com.do\/es\/wp-json\/wp\/v2\/media?parent=3910"}],"wp:term":[{"taxonomy":"product_brand","embeddable":true,"href":"https:\/\/www.estilodevida.com.do\/es\/wp-json\/wp\/v2\/product_brand?post=3910"},{"taxonomy":"product_cat","embeddable":true,"href":"https:\/\/www.estilodevida.com.do\/es\/wp-json\/wp\/v2\/product_cat?post=3910"},{"taxonomy":"product_tag","embeddable":true,"href":"https:\/\/www.estilodevida.com.do\/es\/wp-json\/wp\/v2\/product_tag?post=3910"}],"curies":[{"name":"wp","href":"https:\/\/api.w.org\/{rel}","templated":true}]}}