{"id":2198,"date":"2024-09-26T17:05:47","date_gmt":"2024-09-26T17:05:47","guid":{"rendered":"https:\/\/estilodevida.cloudnine.com.do\/politique-dannulation\/"},"modified":"2025-01-05T13:23:52","modified_gmt":"2025-01-05T13:23:52","slug":"politique-dannulation","status":"publish","type":"page","link":"https:\/\/www.estilodevida.com.do\/fr\/politique-dannulation\/","title":{"rendered":"Politique d&rsquo;annulation"},"content":{"rendered":"\n<p>Politique d&rsquo;annulation :<\/p>\n\n<p>Annulations dues aux conditions m\u00e9t\u00e9orologiques : Si les conditions m\u00e9t\u00e9orologiques emp\u00eachent le cours d&rsquo;avoir lieu, le montant total ou le solde restant sera rembours\u00e9.<\/p>\n\n<p>Annulations personnelles : En cas d&rsquo;annulation, nous n&rsquo;offrons pas de remboursement. Toutefois, nous vous remettrons un bon qui pourra \u00eatre utilis\u00e9 \u00e0 tout moment et sans date d&rsquo;expiration lors de votre prochaine visite ou offert \u00e0 une personne de votre choix. <\/p>\n","protected":false},"excerpt":{"rendered":"<p>Politique d&rsquo;annulation : Annulations dues aux conditions m\u00e9t\u00e9orologiques : Si les conditions m\u00e9t\u00e9orologiques emp\u00eachent le cours d&rsquo;avoir lieu, le montant total ou le solde restant sera rembours\u00e9. Annulations personnelles : En cas d&rsquo;annulation, nous n&rsquo;offrons pas de remboursement. Toutefois, nous vous remettrons un bon qui pourra \u00eatre utilis\u00e9 \u00e0 tout moment et sans date d&rsquo;expiration [&hellip;]<\/p>\n","protected":false},"author":5,"featured_media":0,"parent":0,"menu_order":0,"comment_status":"closed","ping_status":"closed","template":"","meta":{"_et_pb_use_builder":"off","_et_pb_old_content":"","_et_gb_content_width":"","footnotes":""},"class_list":["post-2198","page","type-page","status-publish","hentry"],"_links":{"self":[{"href":"https:\/\/www.estilodevida.com.do\/fr\/wp-json\/wp\/v2\/pages\/2198","targetHints":{"allow":["GET"]}}],"collection":[{"href":"https:\/\/www.estilodevida.com.do\/fr\/wp-json\/wp\/v2\/pages"}],"about":[{"href":"https:\/\/www.estilodevida.com.do\/fr\/wp-json\/wp\/v2\/types\/page"}],"author":[{"embeddable":true,"href":"https:\/\/www.estilodevida.com.do\/fr\/wp-json\/wp\/v2\/users\/5"}],"replies":[{"embeddable":true,"href":"https:\/\/www.estilodevida.com.do\/fr\/wp-json\/wp\/v2\/comments?post=2198"}],"version-history":[{"count":0,"href":"https:\/\/www.estilodevida.com.do\/fr\/wp-json\/wp\/v2\/pages\/2198\/revisions"}],"wp:attachment":[{"href":"https:\/\/www.estilodevida.com.do\/fr\/wp-json\/wp\/v2\/media?parent=2198"}],"curies":[{"name":"wp","href":"https:\/\/api.w.org\/{rel}","templated":true}]}}