{"id":2395,"date":"2024-09-27T16:00:39","date_gmt":"2024-09-27T16:00:39","guid":{"rendered":"https:\/\/estilodevida.cloudnine.com.do\/reservation\/"},"modified":"2025-06-20T13:12:58","modified_gmt":"2025-06-20T13:12:58","slug":"liste-de-prix","status":"publish","type":"page","link":"https:\/\/www.estilodevida.com.do\/fr\/liste-de-prix\/","title":{"rendered":"Liste de prix"},"content":{"rendered":"<p>[et_pb_section fb_built=\u00a0\u00bb1&Prime; _builder_version=\u00a0\u00bb4.27.4&Prime; _module_preset=\u00a0\u00bbdefault\u00a0\u00bb background_color=\u00a0\u00bb#0a0a0a\u00a0\u00bb use_background_color_gradient=\u00a0\u00bbon\u00a0\u00bb background_color_gradient_stops=\u00a0\u00bbrgba(43,135,218,0) 0%|rgba(10,10,10,0) 25%|#0a0a0a 79%|#0a0a0a 100%\u00a0\u00bb background_color_gradient_overlays_image=\u00a0\u00bbon\u00a0\u00bb background_enable_image=\u00a0\u00bboff\u00a0\u00bb background_position=\u00a0\u00bbtop_center\u00a0\u00bb background_vertical_offset=\u00a0\u00bb37%\u00a0\u00bb background_last_edited=\u00a0\u00bboff|phone\u00a0\u00bb global_colors_info=\u00a0\u00bb{}\u00a0\u00bb][et_pb_row _builder_version=\u00a0\u00bb4.25.1&Prime; _module_preset=\u00a0\u00bbdefault\u00a0\u00bb locked=\u00a0\u00bboff\u00a0\u00bb global_colors_info=\u00a0\u00bb{}\u00a0\u00bb][et_pb_column type=\u00a0\u00bb4_4&Prime; _builder_version=\u00a0\u00bb4.25.1&Prime; _module_preset=\u00a0\u00bbdefault\u00a0\u00bb global_colors_info=\u00a0\u00bb{}\u00a0\u00bb][et_pb_heading title=\u00a0\u00bbLISTE DE PRIX\u00a0\u00bb _builder_version=\u00a0\u00bb4.27.0&Prime; _module_preset=\u00a0\u00bb5a201787-8ce0-4587-a74f-6d381cae950e\u00a0\u00bb title_font=\u00a0\u00bbPoppins|700|||||||\u00a0\u00bb title_text_align=\u00a0\u00bbcenter\u00a0\u00bb title_text_color=\u00a0\u00bb#FFFFFF\u00a0\u00bb title_font_size=\u00a0\u00bb70px\u00a0\u00bb custom_margin=\u00a0\u00bb||10px||false|false\u00a0\u00bb animation_style=\u00a0\u00bbzoom\u00a0\u00bb title_font_size_tablet=\u00a0\u00bb50px\u00a0\u00bb title_font_size_phone=\u00a0\u00bb50px\u00a0\u00bb title_font_size_last_edited=\u00a0\u00bbon|phone\u00a0\u00bb title_text_shadow_style=\u00a0\u00bbpreset1&Prime; global_colors_info=\u00a0\u00bb{}\u00a0\u00bb][\/et_pb_heading][\/et_pb_column][\/et_pb_row][et_pb_row _builder_version=\u00a0\u00bb4.27.4&Prime; _module_preset=\u00a0\u00bbdefault\u00a0\u00bb width=\u00a0\u00bb100%\u00a0\u00bb custom_padding=\u00a0\u00bb|||4px||\u00a0\u00bb global_colors_info=\u00a0\u00bb{}\u00a0\u00bb][et_pb_column type=\u00a0\u00bb4_4&Prime; admin_label=\u00a0\u00bbColumn\u00a0\u00bb _builder_version=\u00a0\u00bb4.27.4&Prime; _module_preset=\u00a0\u00bbdefault\u00a0\u00bb background_color=\u00a0\u00bb#0a0a0a\u00a0\u00bb custom_padding=\u00a0\u00bb50px|50px|50px|50px|false|false\u00a0\u00bb custom_padding_tablet=\u00a0\u00bb50px|50px|50px|50px|false|false\u00a0\u00bb custom_padding_phone=\u00a0\u00bb|20px||20px|false|false\u00a0\u00bb custom_padding_last_edited=\u00a0\u00bbon|phone\u00a0\u00bb global_colors_info=\u00a0\u00bb{}\u00a0\u00bb][et_pb_heading title=\u00a0\u00bbKITESURF PRIX\u00a0\u00bb _builder_version=\u00a0\u00bb4.27.4&Prime; _module_preset=\u00a0\u00bbdefault\u00a0\u00bb title_level=\u00a0\u00bbh2&Prime; title_font=\u00a0\u00bbPoppins|700||on|||||\u00a0\u00bb title_text_color=\u00a0\u00bb#ffffff\u00a0\u00bb border_width_bottom=\u00a0\u00bb2px\u00a0\u00bb border_color_bottom=\u00a0\u00bb#ffffff\u00a0\u00bb global_colors_info=\u00a0\u00bb{}\u00a0\u00bb][\/et_pb_heading][et_pb_heading title=\u00a0\u00bbPRIX DES COURS (comprend l&#039;\u00e9quipement neuf et complet et l&#039;assurance)\u00a0\u00bb _builder_version=\u00a0\u00bb4.27.4&Prime; _module_preset=\u00a0\u00bbdefault\u00a0\u00bb title_level=\u00a0\u00bbh3&Prime; title_font=\u00a0\u00bbPoppins||||||||\u00a0\u00bb title_text_color=\u00a0\u00bb#ffffff\u00a0\u00bb global_colors_info=\u00a0\u00bb{}\u00a0\u00bb][\/et_pb_heading][et_pb_text _builder_version=\u00a0\u00bb4.27.4&Prime; _module_preset=\u00a0\u00bbdefault\u00a0\u00bb text_text_color=\u00a0\u00bb#ffffff\u00a0\u00bb custom_margin=\u00a0\u00bb-25px||||false|false\u00a0\u00bb global_colors_info=\u00a0\u00bb{}\u00a0\u00bb]<\/p>\n<p><strong>COURS PARTICULIERS:<\/strong> (1 \u00e9l\u00e8ve &#8211; 1 cerf-volant &#8211; 1 instructeur)<br \/><span style=\"font-size: 16px; font-weight: bold;\">75 $USD<\/span>\/ heure avec instructeur IKO &#8211; (Espagnol\/ Fran\u00e7ais \/ Anglais)<br \/><span style=\"font-size: 16px; font-weight: bold;\">85 $USD<\/span>\/ heure avec le chef instructeur Petar Pavlovic &#8211; (Anglais \/ Espagnol \/ Italien \/ Croate)<\/p>\n<p><strong>COURS EN GROUPE D\u00c9BUTANTS UNIQUEMENT:<\/strong> (2 \u00e0 4 \u00e9l\u00e8ves &#8211; 1 cerf-volant &#8211; 1 instructeur)<br \/><span style=\"font-size: 16px; font-weight: bold;\">45 $USD<\/span>\/ heure\/personne avec notre instructeur IKO &#8211; (Espagnol \/ Fran\u00e7ais \/ Anglais)<br \/><span style=\"font-size: 16px; font-weight: bold;\">50 $USD<\/span>\/ heure\/personne avec le chef instructeur Petar Pavlovic &#8211; (Anglais \/ Espagnol \/ Italien \/ Croate)<\/p>\n<p><strong>SUPERVISION:<\/strong> (Le niveau doit \u00eatre d\u00e9termin\u00e9 par le chef instructeur au pr\u00e9alable).<br \/><span style=\"font-size: 16px; font-weight: bold;\">65 $USD<\/span>\/ heure avec nos assistants &#8211; (Espagnol \/ Fran\u00e7ais \/ Anglais \/ Italien \/ Croate)<\/p>\n<p><strong>PACK DE 8H &#8211; COURS PARTICULIERS<\/strong><br \/><span style=\"font-size: 16px; font-weight: bold;\">70 $USD<\/span>\/ heure avec notre instructeur IKO &#8211; (Espagnol \/ Fran\u00e7ais \/ Anglais)<\/p>\n<p>[\/et_pb_text][et_pb_heading title=\u00a0\u00bbCOACHING (COACHING PRIV\u00c9 avec dispositif BB Talkin)\u00a0\u00bb _builder_version=\u00a0\u00bb4.27.4&Prime; _module_preset=\u00a0\u00bbdefault\u00a0\u00bb title_level=\u00a0\u00bbh3&Prime; title_font=\u00a0\u00bbPoppins||||||||\u00a0\u00bb title_text_color=\u00a0\u00bb#ffffff\u00a0\u00bb global_colors_info=\u00a0\u00bb{}\u00a0\u00bb][\/et_pb_heading][et_pb_text _builder_version=\u00a0\u00bb4.27.4&Prime; _module_preset=\u00a0\u00bbdefault\u00a0\u00bb text_text_color=\u00a0\u00bb#ffffff\u00a0\u00bb custom_margin=\u00a0\u00bb-25px||||false|false\u00a0\u00bb global_colors_info=\u00a0\u00bb{}\u00a0\u00bb]<span style=\"font-size: 16px; font-weight: bold;\">160 $USD<\/span> &#8211; 1H30 (1 \u00e9l\u00e8ve &#8211; 1 Coach) avec le chef instructeur Petar Pavlovic &#8211; (Anglais \/ Italien \/ Croate)<\/p>\n<p>Petar est un instructeur Iko de niveau 3, il \u00e9tait formateur d&rsquo;instructeurs IKO, ce qui signifie qu&rsquo;il enseignait aux instructeurs comment enseigner le kitesurf. Champion de freestyle et prodige du big air, Petar vous enseignera de nouvelles figures, le toeside, les sauts, ou m\u00eame vous aidera \u00e0 corriger de mauvaises habitudes. Profitez d&rsquo;une vraie session de kitesurf en t\u00eate-\u00e0-t\u00eate avec votre coach. Naviguez ensemble et communiquez en direct via un dispositif BB Talkin sp\u00e9cialement con\u00e7u.[\/et_pb_text][et_pb_heading title=\u00a0\u00bbLOCATION D&#039;\u00c9QUIPEMENT DE KITESURF\u00a0\u00bb _builder_version=\u00a0\u00bb4.27.4&Prime; _module_preset=\u00a0\u00bbdefault\u00a0\u00bb title_level=\u00a0\u00bbh3&Prime; title_font=\u00a0\u00bbPoppins||||||||\u00a0\u00bb title_text_color=\u00a0\u00bb#ffffff\u00a0\u00bb global_colors_info=\u00a0\u00bb{}\u00a0\u00bb][\/et_pb_heading][et_pb_text _builder_version=\u00a0\u00bb4.27.4&Prime; _module_preset=\u00a0\u00bbdefault\u00a0\u00bb text_text_color=\u00a0\u00bb#ffffff\u00a0\u00bb custom_margin=\u00a0\u00bb-25px||||false|false\u00a0\u00bb global_colors_info=\u00a0\u00bb{}\u00a0\u00bb]<\/p>\n<p><strong>\u00c9quipement flambant neuf North Kiteboarding de 2024<br \/><\/strong>Voiles North Reach, Orbit, Code Zero 2024 &#8211; 2025 de 5m \u00e0 17m<br \/>Barres North Navigator 2024 &#8211; 50-55cm ou 45-50cm<br \/>Planches North Prime, Atmos, Trace 133cm, 136cm, 138cm, 144cm, 148cm, 155cm<br \/>Harnais Mystic XXS, XS, S, M, L, XL<\/p>\n<p><strong>EXIGENCES DE LOCATION<\/strong><\/p>\n<p><strong>VOTRE EXP\u00c9RIENCE EN KITESURF DOIT \u00caTRE:<\/strong><\/p>\n<p>Avoir d\u00e9j\u00e0 \u00e9t\u00e9 :<br \/>&#8211; Kitesurf sur 2 spots diff\u00e9rents<br \/>&#8211; Kitesurf en eau profonde<br \/>&#8211; Kitesurf sur un spot agit\u00e9<strong><br \/><\/strong><strong><\/strong><\/p>\n<p>\u00c0 savoir :<br \/>&#8211; R\u00e8gles de droit de passage<br \/>&#8211; Processus d&rsquo;autosauvetage<br \/>&#8211; Processus d&rsquo;autopontage<br \/>&#8211; Rouler au ras du sol<\/p>\n<p>Si vous manquez d&rsquo;exp\u00e9rience dans l&rsquo;un de ces domaines mais estimez que votre niveau de pratique est suffisant pour assurer votre s\u00e9curit\u00e9 et celle des autres, vous pouvez opter pour une le\u00e7on priv\u00e9e d&rsquo;une heure avec nos instructeurs <span style=\"font-size: 16px; font-weight: bold;\">(Co\u00fbt : 75 $\/h)<\/span>. Si, apr\u00e8s 1 heure d&rsquo;instruction, l&rsquo;instructeur d\u00e9termine que vous \u00eates pr\u00eat \u00e0 faire du kitesurf de mani\u00e8re autonome, vous pourrez louer notre \u00e9quipement de kitesurf. Si votre niveau ne r\u00e9pond pas encore aux crit\u00e8res pour une pratique autonome et que vous choisissez de ne pas prendre de cours, mais que vous pouvez naviguer au vent et effectuer des transitions, vous pouvez toujours louer l&rsquo;\u00e9quipement avec une \u00ab\u00a0Supervision\u00a0\u00bb supervis\u00e9e par nos assistants <span style=\"font-size: 16px; font-weight: bold;\">(Co\u00fbt : 65 $\/h)<\/span>.  <\/p>\n<p>Un contrat de location est valable uniquement pour la personne \u00e0 qui il est d\u00e9livr\u00e9. Les contrats ne sont pas transf\u00e9rables \u00e0 d&rsquo;autres parties. La location commence d\u00e8s que l&rsquo;\u00e9quipement quitte l&rsquo;\u00e9cole et se termine lorsque l&rsquo;\u00e9quipement est retourn\u00e9 dans son int\u00e9gralit\u00e9. La p\u00e9riode de location court ind\u00e9pendamment de l&rsquo;utilisation ou non de l&rsquo;\u00e9quipement. Tout l&rsquo;\u00e9quipement de location sera factur\u00e9 une fois qu&rsquo;il aura quitt\u00e9 nos locaux.    <\/p>\n<p>Veuillez noter que l&rsquo;\u00e9quipement n&rsquo;est pas assur\u00e9 contre la perte ou les dommages.<\/p>\n<p> <strong> NOTRE \u00c9QUIPEMENT (<\/strong><strong>North Equipment 2024-2025)<\/strong><\/p>\n<p><strong>LOCATION D&rsquo;\u00c9QUIPEMENT COMPLET (VOILE, BARRE, PLANCHE, HARNAIS).<br \/><\/strong><span style=\"font-size: 16px; font-weight: bold;\">55 $USD<\/span>\/ heure<br \/>1 JOUR \/ <span style=\"font-size: 16px; font-weight: bold;\">85 $USD<\/span><br \/>2 JOURS \/ <span style=\"font-size: 16px; font-weight: bold;\">165 $USD<\/span><br \/>3 JOURS \/ <span style=\"font-size: 16px; font-weight: bold;\">240 $USD<\/span><br \/>Apr\u00e8s 3 jours, chaque jour suppl\u00e9mentaire est de <span style=\"font-size: 16px; font-weight: bold;\">$70<\/span>.<\/p>\n<p><strong>CERF-VOLANT + BARRE UNIQUEMENT<\/strong><br \/>(North Voile Reach, Orbit, Code Zero 2024-2025 de 5m \u00e0 17m)<br \/>(Barre North Navigator 2024, taille 50-55cm ou 45-50cm)<br \/>1 jour &#8211; <span style=\"font-size: 16px; font-weight: bold;\">70 $USD<\/span><br \/>2 jours &#8211;<span style=\"font-size: 16px; font-weight: bold;\"> 135 $USD<\/span><br \/>Chaque jour suppl\u00e9mentaire est de <span style=\"font-size: 16px; font-weight: bold;\">60$ USD<\/span><\/p>\n<p><strong>PLANCHE<\/strong><br \/>North Prime, Atmos, Trace<br \/>(Tailles &#8211; 133cm, 136cm, 138cm, 144cm, 148cm, 155cm)<br \/>1h &#8211; <span style=\"font-size: 16px; font-weight: bold;\">25 $USD<\/span><br \/>1 jour &#8211; <span style=\"font-size: 16px; font-weight: bold;\">35 $USD<\/span><\/p>\n<p><strong>HARNESS<\/strong><br \/>(Mystic + Casques Mystic disponibles)<br \/>(Sizes -XXS, XS, S, M, L, XL)<br \/>1h &#8211; <span style=\"font-size: 16px; font-weight: bold;\">15 $USD<\/span><br \/>1 jour &#8211; <span style=\"font-size: 16px; font-weight: bold;\">20 $USD<\/span><\/p>\n<p>[\/et_pb_text][et_pb_heading title=\u00a0\u00bbWING-FOIL PRIX\u00a0\u00bb _builder_version=\u00a0\u00bb4.27.4&Prime; _module_preset=\u00a0\u00bbdefault\u00a0\u00bb title_level=\u00a0\u00bbh2&Prime; title_font=\u00a0\u00bbPoppins|700||on|||||\u00a0\u00bb title_text_color=\u00a0\u00bb#ffffff\u00a0\u00bb custom_padding=\u00a0\u00bb25px||||false|false\u00a0\u00bb border_width_bottom=\u00a0\u00bb2px\u00a0\u00bb border_color_bottom=\u00a0\u00bb#ffffff\u00a0\u00bb global_colors_info=\u00a0\u00bb{}\u00a0\u00bb][\/et_pb_heading][et_pb_heading title=\u00a0\u00bbPRIX DES LE\u00c7ONS \u00a0\u00bb _builder_version=\u00a0\u00bb4.27.4&Prime; _module_preset=\u00a0\u00bbdefault\u00a0\u00bb title_level=\u00a0\u00bbh3&Prime; title_font=\u00a0\u00bbPoppins||||||||\u00a0\u00bb title_text_color=\u00a0\u00bb#ffffff\u00a0\u00bb global_colors_info=\u00a0\u00bb{}\u00a0\u00bb][\/et_pb_heading][et_pb_text _builder_version=\u00a0\u00bb4.27.4&Prime; _module_preset=\u00a0\u00bbdefault\u00a0\u00bb text_text_color=\u00a0\u00bb#ffffff\u00a0\u00bb custom_margin=\u00a0\u00bb-25px||||false|false\u00a0\u00bb custom_padding=\u00a0\u00bb||1px|||\u00a0\u00bb global_colors_info=\u00a0\u00bb{}\u00a0\u00bb]<\/p>\n<p><strong>Mat\u00e9riel inclus dans le Prix:<\/strong><br \/>Aile 2.9 \/ 4 \/ 5 \/ 6 m\u00e8tres<br \/>Planche SUP\/Foil<br \/>Aide \u00e0 la flottabilit\u00e9 (gilet de sauvetage) <br \/>Casque radio<\/p>\n<p><strong>COURS PARTICULIER:<\/strong><br \/><span style=\"font-size: 16px; font-weight: bold;\">75 $USD<\/span>\/ Heure avec Instructeur &#8211; (Espagnol\/ Fran\u00e7ais \/ Anglais)<\/p>\n<p><strong>COURS EN GROUPE D\u00c9BUTANTS SEULEMENT :<\/strong> (2 \u00e9tudiants &#8211; 2 ailes &#8211; 1<br \/>instructeur)<br \/><span style=\"font-size: 16px; font-weight: bold;\">70 $USD<\/span>\/ Heure\/ Personne avec instructeur &#8211; (Espagnol\/ Fran\u00e7ais \/ Anglais)<\/p>\n<p>[\/et_pb_text][et_pb_heading title=\u00a0\u00bbLOCATION D&#039;\u00c9QUIPEMENT DE WING-FOIL\u00a0\u00bb _builder_version=\u00a0\u00bb4.27.4&Prime; _module_preset=\u00a0\u00bbdefault\u00a0\u00bb title_level=\u00a0\u00bbh3&Prime; title_font=\u00a0\u00bbPoppins||||||||\u00a0\u00bb title_text_color=\u00a0\u00bb#ffffff\u00a0\u00bb global_colors_info=\u00a0\u00bb{}\u00a0\u00bb][\/et_pb_heading][et_pb_text _builder_version=\u00a0\u00bb4.27.4&Prime; _module_preset=\u00a0\u00bbdefault\u00a0\u00bb text_text_color=\u00a0\u00bb#ffffff\u00a0\u00bb custom_margin=\u00a0\u00bb-25px||||false|false\u00a0\u00bb global_colors_info=\u00a0\u00bb{}\u00a0\u00bb]<\/p>\n<p><strong>Mat\u00e9riel inclus dans le Prix:<\/strong><br \/>Aile de 2.9 \/ 4 \/ 5 \/ 6 m\u00e8tres<br \/>Planche SUP\/Foil<br \/>Aide \u00e0 la flottabilit\u00e9 (gilet de sauvetage) <br \/>Casque radio<br \/><span style=\"font-size: 16px; font-weight: bold;\">65 $USD<\/span>\/ heure<\/p>\n<p>[\/et_pb_text][et_pb_heading title=\u00a0\u00bbE-FOIL PRIX \u00a0\u00bb admin_label=\u00a0\u00bbHeading\u00a0\u00bb _builder_version=\u00a0\u00bb4.27.4&Prime; _module_preset=\u00a0\u00bbdefault\u00a0\u00bb title_level=\u00a0\u00bbh2&Prime; title_font=\u00a0\u00bbPoppins|700||on|||||\u00a0\u00bb title_text_color=\u00a0\u00bb#ffffff\u00a0\u00bb custom_padding=\u00a0\u00bb25px||||false|false\u00a0\u00bb border_width_bottom=\u00a0\u00bb2px\u00a0\u00bb border_color_bottom=\u00a0\u00bb#ffffff\u00a0\u00bb global_colors_info=\u00a0\u00bb{}\u00a0\u00bb][\/et_pb_heading][et_pb_heading title=\u00a0\u00bbPRIX DES LE\u00c7ONS \u00a0\u00bb _builder_version=\u00a0\u00bb4.27.4&Prime; _module_preset=\u00a0\u00bbdefault\u00a0\u00bb title_level=\u00a0\u00bbh3&Prime; title_font=\u00a0\u00bbPoppins||||||||\u00a0\u00bb title_text_color=\u00a0\u00bb#ffffff\u00a0\u00bb global_colors_info=\u00a0\u00bb{}\u00a0\u00bb][\/et_pb_heading][et_pb_text _builder_version=\u00a0\u00bb4.27.4&Prime; _module_preset=\u00a0\u00bbdefault\u00a0\u00bb text_text_color=\u00a0\u00bb#ffffff\u00a0\u00bb custom_margin=\u00a0\u00bb-25px||||false|false\u00a0\u00bb custom_padding=\u00a0\u00bb||1px|||\u00a0\u00bb global_colors_info=\u00a0\u00bb{}\u00a0\u00bb]<strong>\u00c9quipement neuf de la marque WAYDOO Mystic Boarding<\/strong><\/p>\n<p><strong>COURS PRIV\u00c9S:<\/strong><br \/>\n<span style=\"font-size: 16px; font-weight: bold;\">100 $USD<\/span> \/ 30min avec instructeur<br \/>\n<span style=\"font-size: 16px; font-weight: bold;\">150 $USD<\/span>\/ heure avec instructeur[\/et_pb_text][et_pb_heading title=\u00a0\u00bbSURF PRIX \u00a0\u00bb admin_label=\u00a0\u00bbHeading\u00a0\u00bb _builder_version=\u00a0\u00bb4.27.4&Prime; _module_preset=\u00a0\u00bbdefault\u00a0\u00bb title_level=\u00a0\u00bbh2&Prime; title_font=\u00a0\u00bbPoppins|700||on|||||\u00a0\u00bb title_text_color=\u00a0\u00bb#ffffff\u00a0\u00bb custom_padding=\u00a0\u00bb25px||||false|false\u00a0\u00bb border_width_bottom=\u00a0\u00bb2px\u00a0\u00bb border_color_bottom=\u00a0\u00bb#ffffff\u00a0\u00bb global_colors_info=\u00a0\u00bb{}\u00a0\u00bb][\/et_pb_heading][et_pb_heading title=\u00a0\u00bbPRIX DES LE\u00c7ONS \u00a0\u00bb admin_label=\u00a0\u00bbHeading\u00a0\u00bb _builder_version=\u00a0\u00bb4.27.4&Prime; _module_preset=\u00a0\u00bbdefault\u00a0\u00bb title_level=\u00a0\u00bbh3&Prime; title_font=\u00a0\u00bbPoppins||||||||\u00a0\u00bb title_text_color=\u00a0\u00bb#ffffff\u00a0\u00bb global_colors_info=\u00a0\u00bb{}\u00a0\u00bb][\/et_pb_heading][et_pb_text _builder_version=\u00a0\u00bb4.27.4&Prime; _module_preset=\u00a0\u00bbdefault\u00a0\u00bb text_text_color=\u00a0\u00bb#ffffff\u00a0\u00bb custom_margin=\u00a0\u00bb-25px||||false|false\u00a0\u00bb custom_padding=\u00a0\u00bb||1px|||\u00a0\u00bb global_colors_info=\u00a0\u00bb{}\u00a0\u00bb]<strong>LE\u00c7ON PRIV\u00c9E<\/strong><br \/>\n<span style=\"font-size: 16px; font-weight: bold;\">65 $USD<\/span>\/ Heure<\/p>\n<p><strong>GROUPE DE 2 PERSONNES<\/strong><br \/>\n<span style=\"font-size: 16px; font-weight: bold;\">55 $USD<\/span>\/ Heure\/ Personne<\/p>\n<p><strong>GROUPE DE 3 PERSONNES <\/strong><br \/>\n<span style=\"font-size: 16px; font-weight: bold;\">45 $USD<\/span>\/ Heure\/ Personne[\/et_pb_text][et_pb_heading title=\u00a0\u00bbLOCATION D&#039;\u00c9QUIPEMENT DE SURF\u00a0\u00bb admin_label=\u00a0\u00bbHeading\u00a0\u00bb _builder_version=\u00a0\u00bb4.27.4&Prime; _module_preset=\u00a0\u00bbdefault\u00a0\u00bb title_level=\u00a0\u00bbh3&Prime; title_font=\u00a0\u00bbPoppins||||||||\u00a0\u00bb title_text_color=\u00a0\u00bb#ffffff\u00a0\u00bb global_colors_info=\u00a0\u00bb{}\u00a0\u00bb][\/et_pb_heading][et_pb_text _builder_version=\u00a0\u00bb4.27.4&Prime; _module_preset=\u00a0\u00bbdefault\u00a0\u00bb text_text_color=\u00a0\u00bb#ffffff\u00a0\u00bb custom_margin=\u00a0\u00bb-25px||||false|false\u00a0\u00bb custom_padding=\u00a0\u00bb||1px|||\u00a0\u00bb global_colors_info=\u00a0\u00bb{}\u00a0\u00bb]<span style=\"font-size: 16px; font-weight: bold;\">35 $USD<\/span>\/ Heure<br \/>\nDemandez un prix sp\u00e9cial pour plus de jours[\/et_pb_text][et_pb_heading title=\u00a0\u00bbPolitique d&#039;annulation\u00a0\u00bb admin_label=\u00a0\u00bbHeading\u00a0\u00bb _builder_version=\u00a0\u00bb4.27.4&Prime; _module_preset=\u00a0\u00bbdefault\u00a0\u00bb title_level=\u00a0\u00bbh2&Prime; title_font=\u00a0\u00bbPoppins|700||on|||||\u00a0\u00bb title_text_color=\u00a0\u00bb#ffffff\u00a0\u00bb custom_padding=\u00a0\u00bb25px||||false|false\u00a0\u00bb border_width_bottom=\u00a0\u00bb2px\u00a0\u00bb border_color_bottom=\u00a0\u00bb#ffffff\u00a0\u00bb global_colors_info=\u00a0\u00bb{}\u00a0\u00bb][\/et_pb_heading][et_pb_text _builder_version=\u00a0\u00bb4.27.4&Prime; _module_preset=\u00a0\u00bbdefault\u00a0\u00bb text_text_color=\u00a0\u00bb#ffffff\u00a0\u00bb custom_margin=\u00a0\u00bb||||false|false\u00a0\u00bb custom_padding=\u00a0\u00bb||1px|||\u00a0\u00bb global_colors_info=\u00a0\u00bb{}\u00a0\u00bb]<\/p>\n<p>\u2022 <strong>Annulations li\u00e9es \u00e0 la M\u00e9t\u00e9o:<\/strong> Si la m\u00e9t\u00e9o emp\u00eache la tenue du cours, le montant total ou restant sera rembours\u00e9.<br \/>\u2022 <strong>Annulations Personnelles:<\/strong> En cas d&rsquo;annulation, nous n&rsquo;offrons pas de remboursements, mais nous vous fournirons un bon d&rsquo;achat utilisable \u00e0 tout moment sans date d&rsquo;expiration lorsque vous reviendrez nous rendre visite, ou \u00e0 donner \u00e0 qui vous voulez.<\/p>\n<p>[\/et_pb_text][\/et_pb_column][\/et_pb_row][\/et_pb_section]<\/p>\n","protected":false},"excerpt":{"rendered":"<p>COURS PARTICULIERS: (1 \u00e9l\u00e8ve &#8211; 1 cerf-volant &#8211; 1 instructeur)75 $USD\/ heure avec instructeur IKO &#8211; (Espagnol\/ Fran\u00e7ais \/ Anglais)85 $USD\/ heure avec le chef instructeur Petar Pavlovic &#8211; (Anglais \/ Espagnol \/ Italien \/ Croate) COURS EN GROUPE D\u00c9BUTANTS UNIQUEMENT: (2 \u00e0 4 \u00e9l\u00e8ves &#8211; 1 cerf-volant &#8211; 1 instructeur)45 $USD\/ heure\/personne avec notre [&hellip;]<\/p>\n","protected":false},"author":5,"featured_media":0,"parent":0,"menu_order":0,"comment_status":"closed","ping_status":"closed","template":"","meta":{"_et_pb_use_builder":"on","_et_pb_old_content":"","_et_gb_content_width":"","footnotes":""},"class_list":["post-2395","page","type-page","status-publish","hentry"],"_links":{"self":[{"href":"https:\/\/www.estilodevida.com.do\/fr\/wp-json\/wp\/v2\/pages\/2395","targetHints":{"allow":["GET"]}}],"collection":[{"href":"https:\/\/www.estilodevida.com.do\/fr\/wp-json\/wp\/v2\/pages"}],"about":[{"href":"https:\/\/www.estilodevida.com.do\/fr\/wp-json\/wp\/v2\/types\/page"}],"author":[{"embeddable":true,"href":"https:\/\/www.estilodevida.com.do\/fr\/wp-json\/wp\/v2\/users\/5"}],"replies":[{"embeddable":true,"href":"https:\/\/www.estilodevida.com.do\/fr\/wp-json\/wp\/v2\/comments?post=2395"}],"version-history":[{"count":0,"href":"https:\/\/www.estilodevida.com.do\/fr\/wp-json\/wp\/v2\/pages\/2395\/revisions"}],"wp:attachment":[{"href":"https:\/\/www.estilodevida.com.do\/fr\/wp-json\/wp\/v2\/media?parent=2395"}],"curies":[{"name":"wp","href":"https:\/\/api.w.org\/{rel}","templated":true}]}}