{"id":3731,"date":"2024-10-18T14:46:46","date_gmt":"2024-10-18T14:46:46","guid":{"rendered":"https:\/\/www.estilodevida.com.do\/product\/t-shirt-oversize-delave\/"},"modified":"2024-10-18T19:41:48","modified_gmt":"2024-10-18T19:41:48","slug":"t-shirt-oversize-delave","status":"publish","type":"product","link":"https:\/\/www.estilodevida.com.do\/fr\/produit\/t-shirt-oversize-delave\/","title":{"rendered":"T-shirt oversize d\u00e9lav\u00e9"},"content":{"rendered":"<p>Embrassez la polyvalence du t-shirt Oversized faded, con\u00e7u pour ceux qui appr\u00e9cient l&rsquo;art de superposer et de cr\u00e9er des tenues uniques qui fusionnent sans effort les tendances modernes avec un soup\u00e7on de nostalgie. Sa coupe ample vous permet de jouer avec les textures et les proportions, vous donnant la libert\u00e9 d&rsquo;exprimer votre personnalit\u00e9 \u00e0 travers votre style.<\/p>\n<p> &#8211; 100% coton card\u00e9<br \/> &#8211; Poids du tissu : 7.1 oz. \/(240 g\/m\u00b2)<br \/> &#8211; Tissu pr\u00e9-r\u00e9tr\u00e9ci et teint\u00e9 dans la masse<br \/> &#8211; Coupe ample et oversize<br \/> &#8211; \u00c9paules tombantes<br \/> &#8211; Larges c\u00f4tes au niveau de l&rsquo;encolure<br \/> &#8211; \u00c9tiquette d\u00e9chirable<br \/> &#8211; Produit vierge provenant de Chine<\/p>\n<p> Ce produit est fabriqu\u00e9 sp\u00e9cialement pour vous d\u00e8s que vous passez commande, c&rsquo;est pourquoi il nous faut un peu plus de temps pour vous le livrer. Fabriquer des produits \u00e0 la demande plut\u00f4t qu&rsquo;en vrac permet de r\u00e9duire la surproduction. Nous vous remercions donc de prendre des d\u00e9cisions d&rsquo;achat r\u00e9fl\u00e9chies !    <\/p>\n","protected":false},"excerpt":{"rendered":"<p>Embrassez la polyvalence du t-shirt Oversized faded, con\u00e7u pour ceux qui appr\u00e9cient l&rsquo;art de superposer et de cr\u00e9er des tenues uniques qui fusionnent sans effort les tendances modernes avec un soup\u00e7on de nostalgie. Sa coupe ample vous permet de jouer avec les textures et les proportions, vous donnant la libert\u00e9 d&rsquo;exprimer votre personnalit\u00e9 \u00e0 travers [&hellip;]<\/p>\n","protected":false},"featured_media":3605,"comment_status":"open","ping_status":"closed","template":"","meta":{"_et_pb_use_builder":"on","_et_pb_old_content":"Embrassez la polyvalence du t-shirt Oversized faded, con\u00e7u pour ceux qui appr\u00e9cient l'art de superposer et de cr\u00e9er des tenues uniques qui fusionnent sans effort les tendances modernes avec un soup\u00e7on de nostalgie. Sa coupe ample vous permet de jouer avec les textures et les proportions, vous donnant la libert\u00e9 d'exprimer votre personnalit\u00e9 \u00e0 travers votre style.<br><br> - 100% coton card\u00e9<br> - Poids du tissu : 7.1 oz. \/(240 g\/m\u00b2)<br> - Tissu pr\u00e9-r\u00e9tr\u00e9ci et teint\u00e9 dans la masse<br> - Coupe ample et oversize<br> - \u00c9paules tombantes<br> - Larges c\u00f4tes au niveau de l'encolure<br> - \u00c9tiquette d\u00e9chirable<br> - Produit vierge provenant de Chine<br><br> Ce produit est fabriqu\u00e9 sp\u00e9cialement pour vous d\u00e8s que vous passez commande, c'est pourquoi il nous faut un peu plus de temps pour vous le livrer. Fabriquer des produits \u00e0 la demande plut\u00f4t qu'en vrac permet de r\u00e9duire la surproduction. Nous vous remercions donc de prendre des d\u00e9cisions d'achat r\u00e9fl\u00e9chies !    ","_et_gb_content_width":""},"product_brand":[],"product_cat":[110],"product_tag":[],"class_list":{"0":"post-3731","1":"product","2":"type-product","3":"status-publish","4":"has-post-thumbnail","6":"product_cat-t-shirt-fr","8":"first","9":"instock","10":"shipping-taxable","11":"purchasable","12":"product-type-variable"},"_links":{"self":[{"href":"https:\/\/www.estilodevida.com.do\/fr\/wp-json\/wp\/v2\/product\/3731","targetHints":{"allow":["GET"]}}],"collection":[{"href":"https:\/\/www.estilodevida.com.do\/fr\/wp-json\/wp\/v2\/product"}],"about":[{"href":"https:\/\/www.estilodevida.com.do\/fr\/wp-json\/wp\/v2\/types\/product"}],"replies":[{"embeddable":true,"href":"https:\/\/www.estilodevida.com.do\/fr\/wp-json\/wp\/v2\/comments?post=3731"}],"wp:featuredmedia":[{"embeddable":true,"href":"https:\/\/www.estilodevida.com.do\/fr\/wp-json\/wp\/v2\/media\/3605"}],"wp:attachment":[{"href":"https:\/\/www.estilodevida.com.do\/fr\/wp-json\/wp\/v2\/media?parent=3731"}],"wp:term":[{"taxonomy":"product_brand","embeddable":true,"href":"https:\/\/www.estilodevida.com.do\/fr\/wp-json\/wp\/v2\/product_brand?post=3731"},{"taxonomy":"product_cat","embeddable":true,"href":"https:\/\/www.estilodevida.com.do\/fr\/wp-json\/wp\/v2\/product_cat?post=3731"},{"taxonomy":"product_tag","embeddable":true,"href":"https:\/\/www.estilodevida.com.do\/fr\/wp-json\/wp\/v2\/product_tag?post=3731"}],"curies":[{"name":"wp","href":"https:\/\/api.w.org\/{rel}","templated":true}]}}